{"id":9694,"date":"2019-03-26T11:48:51","date_gmt":"2019-03-26T10:48:51","guid":{"rendered":"https:\/\/dga.de\/produkt\/biguma-ds-164-snv-4\/"},"modified":"2022-04-19T11:27:37","modified_gmt":"2022-04-19T09:27:37","slug":"biguma-ds-164-snv-4","status":"publish","type":"product","link":"https:\/\/dga.de\/fr\/produkt\/biguma-ds-164-snv-4\/","title":{"rendered":"BIGUMA\u00ae- DS 164\/SNV"},"content":{"rendered":"<p>BIGUMA\u00ae- DS 164\/SNV convient au remplissage des joints des zones de circulation en b\u00e9ton et en enrob\u00e9 sans charge chimique particuli\u00e8re. Elle se distingue alors gr\u00e2ce \u00e0 sa bonne adh\u00e9rence aux supports bitumeux et min\u00e9raux, ainsi que gr\u00e2ce \u00e0 sa haute r\u00e9sistance au vieillissement.<br \/>\nCette masse de scellement sp\u00e9ciale r\u00e9pond aux exigences de qualit\u00e9 de l&rsquo;Association suisse de normalisation (SNV) selon la fiche de norme 671 625a pour les masses en caoutchouc et en bitume, ainsi qu&rsquo;aux exigences de la US-Federal-Spezifikation SS-S-164.<\/p>\n<p>Homologations : SNV 671625 a, SS -S &#8211; 164<\/p>\n","protected":false},"excerpt":{"rendered":"<p>Masse de scellement bitumeuse modifi\u00e9e par des polym\u00e8res conforme \u00e0 la norme suisse 670 281a-N<\/p>\n[fusion_global id=\"12385\"]\n","protected":false},"featured_media":15704,"comment_status":"closed","ping_status":"closed","template":"","meta":[],"product_brand":[],"product_cat":[945,946],"product_tag":[],"class_list":{"0":"post-9694","1":"product","2":"type-product","3":"status-publish","4":"has-post-thumbnail","6":"product_cat-strassenbau-fr","7":"product_cat-fugenmassen-strassenbau-2-fr","9":"first","10":"instock","11":"product-type-simple"},"_links":{"self":[{"href":"https:\/\/dga.de\/fr\/wp-json\/wp\/v2\/product\/9694","targetHints":{"allow":["GET"]}}],"collection":[{"href":"https:\/\/dga.de\/fr\/wp-json\/wp\/v2\/product"}],"about":[{"href":"https:\/\/dga.de\/fr\/wp-json\/wp\/v2\/types\/product"}],"replies":[{"embeddable":true,"href":"https:\/\/dga.de\/fr\/wp-json\/wp\/v2\/comments?post=9694"}],"wp:featuredmedia":[{"embeddable":true,"href":"https:\/\/dga.de\/fr\/wp-json\/wp\/v2\/media\/15704"}],"wp:attachment":[{"href":"https:\/\/dga.de\/fr\/wp-json\/wp\/v2\/media?parent=9694"}],"wp:term":[{"taxonomy":"product_brand","embeddable":true,"href":"https:\/\/dga.de\/fr\/wp-json\/wp\/v2\/product_brand?post=9694"},{"taxonomy":"product_cat","embeddable":true,"href":"https:\/\/dga.de\/fr\/wp-json\/wp\/v2\/product_cat?post=9694"},{"taxonomy":"product_tag","embeddable":true,"href":"https:\/\/dga.de\/fr\/wp-json\/wp\/v2\/product_tag?post=9694"}],"curies":[{"name":"wp","href":"https:\/\/api.w.org\/{rel}","templated":true}]}}