{"id":9696,"date":"2019-03-26T11:48:51","date_gmt":"2019-03-26T10:48:51","guid":{"rendered":"https:\/\/dga.de\/produkt\/biguma-n2-plus-4\/"},"modified":"2022-04-11T13:33:15","modified_gmt":"2022-04-11T11:33:15","slug":"biguma-n2-plus-4","status":"publish","type":"product","link":"https:\/\/dga.de\/fr\/produkt\/biguma-n2-plus-4\/","title":{"rendered":"BIGUMA\u00ae- N2 Plus"},"content":{"rendered":"<p>Notre masse de scellement BIGUMA\u00ae- N2 Plus est la solution id\u00e9ale pour les zones de circulation soumises \u00e0 des mouvements de joints \u00e9lev\u00e9s. Avec un facteur d&rsquo;absorption de mouvements de 35 %, elle peut \u00eatre utilis\u00e9e sur les zones de circulation en b\u00e9ton et en enrob\u00e9. Elle convainc alors gr\u00e2ce \u00e0 sa bonne adh\u00e9rence aux supports bitumeux et min\u00e9raux, ainsi que gr\u00e2ce \u00e0 la haute r\u00e9sistance au vieillissement des joints.<\/p>\n","protected":false},"excerpt":{"rendered":"<p>Masse de scellement bitumeuse modifi\u00e9e par des polym\u00e8res pour l&rsquo;augmentation des mouvements des joints<\/p>\n[fusion_global id=\"12385\"]\n","protected":false},"featured_media":15710,"comment_status":"closed","ping_status":"closed","template":"","meta":[],"product_brand":[],"product_cat":[945,946],"product_tag":[],"class_list":{"0":"post-9696","1":"product","2":"type-product","3":"status-publish","4":"has-post-thumbnail","6":"product_cat-strassenbau-fr","7":"product_cat-fugenmassen-strassenbau-2-fr","9":"first","10":"instock","11":"product-type-simple"},"_links":{"self":[{"href":"https:\/\/dga.de\/fr\/wp-json\/wp\/v2\/product\/9696","targetHints":{"allow":["GET"]}}],"collection":[{"href":"https:\/\/dga.de\/fr\/wp-json\/wp\/v2\/product"}],"about":[{"href":"https:\/\/dga.de\/fr\/wp-json\/wp\/v2\/types\/product"}],"replies":[{"embeddable":true,"href":"https:\/\/dga.de\/fr\/wp-json\/wp\/v2\/comments?post=9696"}],"wp:featuredmedia":[{"embeddable":true,"href":"https:\/\/dga.de\/fr\/wp-json\/wp\/v2\/media\/15710"}],"wp:attachment":[{"href":"https:\/\/dga.de\/fr\/wp-json\/wp\/v2\/media?parent=9696"}],"wp:term":[{"taxonomy":"product_brand","embeddable":true,"href":"https:\/\/dga.de\/fr\/wp-json\/wp\/v2\/product_brand?post=9696"},{"taxonomy":"product_cat","embeddable":true,"href":"https:\/\/dga.de\/fr\/wp-json\/wp\/v2\/product_cat?post=9696"},{"taxonomy":"product_tag","embeddable":true,"href":"https:\/\/dga.de\/fr\/wp-json\/wp\/v2\/product_tag?post=9696"}],"curies":[{"name":"wp","href":"https:\/\/api.w.org\/{rel}","templated":true}]}}