{"id":9701,"date":"2019-03-26T11:48:51","date_gmt":"2019-03-26T10:48:51","guid":{"rendered":"https:\/\/dga.de\/produkt\/biguma-arctic-grade-4\/"},"modified":"2022-04-11T11:59:21","modified_gmt":"2022-04-11T09:59:21","slug":"biguma-arctic-grade-4","status":"publish","type":"product","link":"https:\/\/dga.de\/fr\/produkt\/biguma-arctic-grade-4\/","title":{"rendered":"BIGUMA\u00ae- Arctic Grade"},"content":{"rendered":"<p>Gr\u00e2ce \u00e0 son m\u00e9lange sp\u00e9cial de bitume polym\u00e8re, notre masse de scellement BIGUMA\u00ae- Arctic Grade est con\u00e7ue pour les zones climatiques froides et convient pour le remplissage des joints et fissures sur les chauss\u00e9es en b\u00e9ton ainsi que dans les surfaces en b\u00e9ton et en enrob\u00e9.<br \/>\nLa masse de scellement remplit les exigences en mati\u00e8re de dilatation et d&rsquo;adh\u00e9rence sp\u00e9cifi\u00e9es dans les conditions de livraison TL Fug-StB m\u00eame \u00e0 des temp\u00e9ratures de -30 \u00b0C.<\/p>\n","protected":false},"excerpt":{"rendered":"<p>Masse de scellement bitumeuse plastico-\u00e9lastique pour les zones climatiques froides<\/p>\n[fusion_global id=\"12385\"]\n","protected":false},"featured_media":15527,"comment_status":"closed","ping_status":"closed","template":"","meta":[],"product_brand":[],"product_cat":[945,946],"product_tag":[],"class_list":{"0":"post-9701","1":"product","2":"type-product","3":"status-publish","4":"has-post-thumbnail","6":"product_cat-strassenbau-fr","7":"product_cat-fugenmassen-strassenbau-2-fr","9":"first","10":"instock","11":"product-type-simple"},"_links":{"self":[{"href":"https:\/\/dga.de\/fr\/wp-json\/wp\/v2\/product\/9701","targetHints":{"allow":["GET"]}}],"collection":[{"href":"https:\/\/dga.de\/fr\/wp-json\/wp\/v2\/product"}],"about":[{"href":"https:\/\/dga.de\/fr\/wp-json\/wp\/v2\/types\/product"}],"replies":[{"embeddable":true,"href":"https:\/\/dga.de\/fr\/wp-json\/wp\/v2\/comments?post=9701"}],"wp:featuredmedia":[{"embeddable":true,"href":"https:\/\/dga.de\/fr\/wp-json\/wp\/v2\/media\/15527"}],"wp:attachment":[{"href":"https:\/\/dga.de\/fr\/wp-json\/wp\/v2\/media?parent=9701"}],"wp:term":[{"taxonomy":"product_brand","embeddable":true,"href":"https:\/\/dga.de\/fr\/wp-json\/wp\/v2\/product_brand?post=9701"},{"taxonomy":"product_cat","embeddable":true,"href":"https:\/\/dga.de\/fr\/wp-json\/wp\/v2\/product_cat?post=9701"},{"taxonomy":"product_tag","embeddable":true,"href":"https:\/\/dga.de\/fr\/wp-json\/wp\/v2\/product_tag?post=9701"}],"curies":[{"name":"wp","href":"https:\/\/api.w.org\/{rel}","templated":true}]}}