{"id":9704,"date":"2019-03-26T11:48:51","date_gmt":"2019-03-26T10:48:51","guid":{"rendered":"https:\/\/dga.de\/produkt\/biguma-airfield\/"},"modified":"2022-04-11T11:42:21","modified_gmt":"2022-04-11T09:42:21","slug":"biguma-airfield","status":"publish","type":"product","link":"https:\/\/dga.de\/fr\/produkt\/biguma-airfield\/","title":{"rendered":"BIGUMA\u00ae- Airfield"},"content":{"rendered":"<p>Nous avons con\u00e7u la masse de scellement BIGUMA\u00ae- Airfield sp\u00e9cialement pour les zones de circulation en b\u00e9ton des a\u00e9roports.<br \/>\nLe facteur d&rsquo;absorption de mouvements de 35 % de la masse BIGUMA\u00ae- Airfield permet aux joints coul\u00e9s de supporter parfaitement les charges lourdes des avions qui d\u00e9collent et qui atterrissent.<br \/>\nEn outre, cette masse de scellement sp\u00e9ciale convainc gr\u00e2ce \u00e0 ses tr\u00e8s bonnes propri\u00e9t\u00e9s d\u2019utilisation \u00e0 chaud et \u00e0 froid et \u00e0 sa bonne adh\u00e9rence aux supports min\u00e9raux et bitumeux.<\/p>\n","protected":false},"excerpt":{"rendered":"<p>Masse de scellement bitumeuse modifi\u00e9e par des polym\u00e8res pour les zones a\u00e9roportuaires avec augmentation des mouvements des joints<\/p>\n[fusion_global id=\"12385\"]\n","protected":false},"featured_media":15491,"comment_status":"closed","ping_status":"closed","template":"","meta":[],"product_brand":[],"product_cat":[992,945,993,954],"product_tag":[],"class_list":{"0":"post-9704","1":"product","2":"type-product","3":"status-publish","4":"has-post-thumbnail","6":"product_cat-beton-fr","7":"product_cat-strassenbau-fr","8":"product_cat-fugenmassen-fr","9":"product_cat-verkehrsflaechen-fr","11":"first","12":"instock","13":"product-type-simple"},"_links":{"self":[{"href":"https:\/\/dga.de\/fr\/wp-json\/wp\/v2\/product\/9704","targetHints":{"allow":["GET"]}}],"collection":[{"href":"https:\/\/dga.de\/fr\/wp-json\/wp\/v2\/product"}],"about":[{"href":"https:\/\/dga.de\/fr\/wp-json\/wp\/v2\/types\/product"}],"replies":[{"embeddable":true,"href":"https:\/\/dga.de\/fr\/wp-json\/wp\/v2\/comments?post=9704"}],"wp:featuredmedia":[{"embeddable":true,"href":"https:\/\/dga.de\/fr\/wp-json\/wp\/v2\/media\/15491"}],"wp:attachment":[{"href":"https:\/\/dga.de\/fr\/wp-json\/wp\/v2\/media?parent=9704"}],"wp:term":[{"taxonomy":"product_brand","embeddable":true,"href":"https:\/\/dga.de\/fr\/wp-json\/wp\/v2\/product_brand?post=9704"},{"taxonomy":"product_cat","embeddable":true,"href":"https:\/\/dga.de\/fr\/wp-json\/wp\/v2\/product_cat?post=9704"},{"taxonomy":"product_tag","embeddable":true,"href":"https:\/\/dga.de\/fr\/wp-json\/wp\/v2\/product_tag?post=9704"}],"curies":[{"name":"wp","href":"https:\/\/api.w.org\/{rel}","templated":true}]}}