{"id":9711,"date":"2019-03-26T11:48:51","date_gmt":"2019-03-26T10:48:51","guid":{"rendered":"https:\/\/dga.de\/produkt\/biguma-n10-grau\/"},"modified":"2022-01-12T13:48:47","modified_gmt":"2022-01-12T12:48:47","slug":"biguma-n10-grau","status":"publish","type":"product","link":"https:\/\/dga.de\/fr\/produkt\/biguma-n10-grau\/","title":{"rendered":"BIGUMA\u00ae- N10 gris"},"content":{"rendered":"<p>La masse de scellement de couleur gris moyen BIGUMA\u00ae- N10 gris convient au remplissage des joints de presque tous types de rev\u00eatements de pav\u00e9s et de dalles. Gr\u00e2ce \u00e0 sa coloration sp\u00e9ciale, elle convient particuli\u00e8rement pour les pav\u00e9s en pierre naturelle. Elle convainc par une stabilit\u00e9 \u00e9lev\u00e9e et une bonne adh\u00e9rence.<\/p>\n","protected":false},"excerpt":{"rendered":"<p>Masse de scellement de pav\u00e9s thermoplastique, li\u00e9e \u00e0 la r\u00e9sine synth\u00e9tique<\/p>\n[fusion_global id=\"12385\"]\n","protected":false},"featured_media":15758,"comment_status":"closed","ping_status":"closed","template":"","meta":[],"product_brand":[],"product_cat":[945,1001,1000,954],"product_tag":[],"class_list":{"0":"post-9711","1":"product","2":"type-product","3":"status-publish","4":"has-post-thumbnail","6":"product_cat-strassenbau-fr","7":"product_cat-fugenmassen-pflaster-fr","8":"product_cat-pflaster-fr","9":"product_cat-verkehrsflaechen-fr","11":"first","12":"instock","13":"product-type-simple"},"_links":{"self":[{"href":"https:\/\/dga.de\/fr\/wp-json\/wp\/v2\/product\/9711","targetHints":{"allow":["GET"]}}],"collection":[{"href":"https:\/\/dga.de\/fr\/wp-json\/wp\/v2\/product"}],"about":[{"href":"https:\/\/dga.de\/fr\/wp-json\/wp\/v2\/types\/product"}],"replies":[{"embeddable":true,"href":"https:\/\/dga.de\/fr\/wp-json\/wp\/v2\/comments?post=9711"}],"wp:featuredmedia":[{"embeddable":true,"href":"https:\/\/dga.de\/fr\/wp-json\/wp\/v2\/media\/15758"}],"wp:attachment":[{"href":"https:\/\/dga.de\/fr\/wp-json\/wp\/v2\/media?parent=9711"}],"wp:term":[{"taxonomy":"product_brand","embeddable":true,"href":"https:\/\/dga.de\/fr\/wp-json\/wp\/v2\/product_brand?post=9711"},{"taxonomy":"product_cat","embeddable":true,"href":"https:\/\/dga.de\/fr\/wp-json\/wp\/v2\/product_cat?post=9711"},{"taxonomy":"product_tag","embeddable":true,"href":"https:\/\/dga.de\/fr\/wp-json\/wp\/v2\/product_tag?post=9711"}],"curies":[{"name":"wp","href":"https:\/\/api.w.org\/{rel}","templated":true}]}}