{"id":9713,"date":"2019-03-26T11:48:51","date_gmt":"2019-03-26T10:48:51","guid":{"rendered":"https:\/\/dga.de\/produkt\/biguma-bab-20\/"},"modified":"2022-04-25T10:26:34","modified_gmt":"2022-04-25T08:26:34","slug":"biguma-bab-20","status":"publish","type":"product","link":"https:\/\/dga.de\/fr\/produkt\/biguma-bab-20\/","title":{"rendered":"BIGUMA\u00ae- BAB 20"},"content":{"rendered":"<p>BIGUMA\u00ae- BAB 20 convient au remplissage des joints entre les rails et les rev\u00eatements adjacents tels que les pav\u00e9s, le b\u00e9ton ou l&rsquo;enrob\u00e9. BIGUMA\u00ae- BAB 20 se caract\u00e9rise par une stabilit\u00e9 particuli\u00e8rement \u00e9lev\u00e9e. Sa configuration plastico-\u00e9lastique assure un \u00e9quilibre optimal entre l&rsquo;absorption des mouvements et la r\u00e9duction des tensions dans les joints. La tr\u00e8s bonne adh\u00e9rence sur le rail et le rev\u00eatement adjacent assure une r\u00e9sistance au vieillissement \u00e9lev\u00e9e des joints.<\/p>\n","protected":false},"excerpt":{"rendered":"<p>Masse de scellement bitumeuse pour rails modifi\u00e9e par des polym\u00e8res<\/p>\n[fusion_global id=\"12385\"]\n","protected":false},"featured_media":15620,"comment_status":"closed","ping_status":"closed","template":"","meta":[],"product_brand":[],"product_cat":[945,995,994],"product_tag":[],"class_list":{"0":"post-9713","1":"product","2":"type-product","3":"status-publish","4":"has-post-thumbnail","6":"product_cat-strassenbau-fr","7":"product_cat-fugenmassen-strassenbahnschienen-fr","8":"product_cat-strassenbahnschienen-fr","10":"first","11":"instock","12":"product-type-simple"},"_links":{"self":[{"href":"https:\/\/dga.de\/fr\/wp-json\/wp\/v2\/product\/9713","targetHints":{"allow":["GET"]}}],"collection":[{"href":"https:\/\/dga.de\/fr\/wp-json\/wp\/v2\/product"}],"about":[{"href":"https:\/\/dga.de\/fr\/wp-json\/wp\/v2\/types\/product"}],"replies":[{"embeddable":true,"href":"https:\/\/dga.de\/fr\/wp-json\/wp\/v2\/comments?post=9713"}],"wp:featuredmedia":[{"embeddable":true,"href":"https:\/\/dga.de\/fr\/wp-json\/wp\/v2\/media\/15620"}],"wp:attachment":[{"href":"https:\/\/dga.de\/fr\/wp-json\/wp\/v2\/media?parent=9713"}],"wp:term":[{"taxonomy":"product_brand","embeddable":true,"href":"https:\/\/dga.de\/fr\/wp-json\/wp\/v2\/product_brand?post=9713"},{"taxonomy":"product_cat","embeddable":true,"href":"https:\/\/dga.de\/fr\/wp-json\/wp\/v2\/product_cat?post=9713"},{"taxonomy":"product_tag","embeddable":true,"href":"https:\/\/dga.de\/fr\/wp-json\/wp\/v2\/product_tag?post=9713"}],"curies":[{"name":"wp","href":"https:\/\/api.w.org\/{rel}","templated":true}]}}