{"id":9715,"date":"2019-03-26T11:48:51","date_gmt":"2019-03-26T10:48:51","guid":{"rendered":"https:\/\/dga.de\/produkt\/biguma-bab-20-ztv\/"},"modified":"2022-04-25T11:05:59","modified_gmt":"2022-04-25T09:05:59","slug":"biguma-bab-20-ztv","status":"publish","type":"product","link":"https:\/\/dga.de\/fr\/produkt\/biguma-bab-20-ztv\/","title":{"rendered":"BIGUMA\u00ae- BAB 20 ZTV"},"content":{"rendered":"<p>BIGUMA\u00ae- BAB 20 ZTV convient au remplissage des joints entre les rails et les rev\u00eatements adjacents tels que les pav\u00e9s, le b\u00e9ton ou l&rsquo;enrob\u00e9. BIGUMA\u00ae- BAB 20 ZTV offrent un compromis \u00e9quilibr\u00e9 entre l&rsquo;absorption des mouvements et la stabilit\u00e9, et est donc parfaitement adapt\u00e9e pour une utilisation dans les zones de transport publiques. La tr\u00e8s bonne adh\u00e9rence sur le rail et le rev\u00eatement adjacent assure une r\u00e9sistance au vieillissement \u00e9lev\u00e9e des joints.<\/p>\n<p>Homologation : TL Fug-StB<\/p>\n","protected":false},"excerpt":{"rendered":"<p>Masse de scellement bitumeuse pour rails modifi\u00e9e par des polym\u00e8res<\/p>\n[fusion_global id=\"12385\"]\n","protected":false},"featured_media":15668,"comment_status":"closed","ping_status":"closed","template":"","meta":[],"product_brand":[],"product_cat":[945,995,994],"product_tag":[],"class_list":{"0":"post-9715","1":"product","2":"type-product","3":"status-publish","4":"has-post-thumbnail","6":"product_cat-strassenbau-fr","7":"product_cat-fugenmassen-strassenbahnschienen-fr","8":"product_cat-strassenbahnschienen-fr","10":"first","11":"instock","12":"product-type-simple"},"_links":{"self":[{"href":"https:\/\/dga.de\/fr\/wp-json\/wp\/v2\/product\/9715","targetHints":{"allow":["GET"]}}],"collection":[{"href":"https:\/\/dga.de\/fr\/wp-json\/wp\/v2\/product"}],"about":[{"href":"https:\/\/dga.de\/fr\/wp-json\/wp\/v2\/types\/product"}],"replies":[{"embeddable":true,"href":"https:\/\/dga.de\/fr\/wp-json\/wp\/v2\/comments?post=9715"}],"wp:featuredmedia":[{"embeddable":true,"href":"https:\/\/dga.de\/fr\/wp-json\/wp\/v2\/media\/15668"}],"wp:attachment":[{"href":"https:\/\/dga.de\/fr\/wp-json\/wp\/v2\/media?parent=9715"}],"wp:term":[{"taxonomy":"product_brand","embeddable":true,"href":"https:\/\/dga.de\/fr\/wp-json\/wp\/v2\/product_brand?post=9715"},{"taxonomy":"product_cat","embeddable":true,"href":"https:\/\/dga.de\/fr\/wp-json\/wp\/v2\/product_cat?post=9715"},{"taxonomy":"product_tag","embeddable":true,"href":"https:\/\/dga.de\/fr\/wp-json\/wp\/v2\/product_tag?post=9715"}],"curies":[{"name":"wp","href":"https:\/\/api.w.org\/{rel}","templated":true}]}}