{"id":9717,"date":"2019-03-26T11:48:51","date_gmt":"2019-03-26T10:48:51","guid":{"rendered":"https:\/\/dga.de\/produkt\/biguma-b700\/"},"modified":"2022-01-12T08:59:30","modified_gmt":"2022-01-12T07:59:30","slug":"biguma-b700","status":"publish","type":"product","link":"https:\/\/dga.de\/fr\/produkt\/biguma-b700\/","title":{"rendered":"BIGUMA\u00ae- B 700"},"content":{"rendered":"<p>La masse de scellement bitumeuse pour sous-couche de rails BIGUMA\u00ae- B 700 sert \u00e0 \u00e9galiser les in\u00e9galit\u00e9s entre la sous-couche et le patin du rail, et garantit un transfert de charge parfait. Le durcissement rapide de la masse permet des temps de construction tr\u00e8s courts, pour une reprise rapide de la circulation.<\/p>\n","protected":false},"excerpt":{"rendered":"<p>Masse de scellement bitumeuse pour sous-couche de rails<\/p>\n[fusion_global id=\"12385\"]\n","protected":false},"featured_media":15551,"comment_status":"closed","ping_status":"closed","template":"","meta":[],"product_brand":[],"product_cat":[945,1002,994],"product_tag":[],"class_list":{"0":"post-9717","1":"product","2":"type-product","3":"status-publish","4":"has-post-thumbnail","6":"product_cat-strassenbau-fr","7":"product_cat-untergussmassen-fr","8":"product_cat-strassenbahnschienen-fr","10":"first","11":"instock","12":"product-type-simple"},"_links":{"self":[{"href":"https:\/\/dga.de\/fr\/wp-json\/wp\/v2\/product\/9717","targetHints":{"allow":["GET"]}}],"collection":[{"href":"https:\/\/dga.de\/fr\/wp-json\/wp\/v2\/product"}],"about":[{"href":"https:\/\/dga.de\/fr\/wp-json\/wp\/v2\/types\/product"}],"replies":[{"embeddable":true,"href":"https:\/\/dga.de\/fr\/wp-json\/wp\/v2\/comments?post=9717"}],"wp:featuredmedia":[{"embeddable":true,"href":"https:\/\/dga.de\/fr\/wp-json\/wp\/v2\/media\/15551"}],"wp:attachment":[{"href":"https:\/\/dga.de\/fr\/wp-json\/wp\/v2\/media?parent=9717"}],"wp:term":[{"taxonomy":"product_brand","embeddable":true,"href":"https:\/\/dga.de\/fr\/wp-json\/wp\/v2\/product_brand?post=9717"},{"taxonomy":"product_cat","embeddable":true,"href":"https:\/\/dga.de\/fr\/wp-json\/wp\/v2\/product_cat?post=9717"},{"taxonomy":"product_tag","embeddable":true,"href":"https:\/\/dga.de\/fr\/wp-json\/wp\/v2\/product_tag?post=9717"}],"curies":[{"name":"wp","href":"https:\/\/api.w.org\/{rel}","templated":true}]}}