{"id":9719,"date":"2019-03-26T11:48:51","date_gmt":"2019-03-26T10:48:51","guid":{"rendered":"https:\/\/dga.de\/produkt\/biguma-b-700-l\/"},"modified":"2024-07-16T07:34:04","modified_gmt":"2024-07-16T05:34:04","slug":"biguma-b-700-l","status":"publish","type":"product","link":"https:\/\/dga.de\/fr\/produkt\/biguma-b-700-l\/","title":{"rendered":"BIGUMA\u00ae- B 700 L"},"content":{"rendered":"<p>La masse de scellement bitumeuse \u00e9lastique pour sous-couche de rails BIGUMA\u00ae- B 700 L sert \u00e0 \u00e9galiser les in\u00e9galit\u00e9s entre la sous-couche et le patin du rail, et garantit un transfert de charge parfait. Elle contribue \u00e0 amortir les vibrations et r\u00e9duit ainsi le bruit. Elle dispose d&rsquo;une r\u00e9sistance \u00e9lectrique \u00e9lev\u00e9e pour pr\u00e9venir la corrosion par courant vagabond.<\/p>\n","protected":false},"excerpt":{"rendered":"<p>Masse de scellement bitumeuse \u00e9lastique pour sous-couche de rails<\/p>\n[fusion_global id=\"12385\"]\n","protected":false},"featured_media":21527,"comment_status":"closed","ping_status":"closed","template":"","meta":[],"product_brand":[],"product_cat":[945,1002,994],"product_tag":[],"class_list":{"0":"post-9719","1":"product","2":"type-product","3":"status-publish","4":"has-post-thumbnail","6":"product_cat-strassenbau-fr","7":"product_cat-untergussmassen-fr","8":"product_cat-strassenbahnschienen-fr","10":"first","11":"instock","12":"product-type-simple"},"_links":{"self":[{"href":"https:\/\/dga.de\/fr\/wp-json\/wp\/v2\/product\/9719","targetHints":{"allow":["GET"]}}],"collection":[{"href":"https:\/\/dga.de\/fr\/wp-json\/wp\/v2\/product"}],"about":[{"href":"https:\/\/dga.de\/fr\/wp-json\/wp\/v2\/types\/product"}],"replies":[{"embeddable":true,"href":"https:\/\/dga.de\/fr\/wp-json\/wp\/v2\/comments?post=9719"}],"wp:featuredmedia":[{"embeddable":true,"href":"https:\/\/dga.de\/fr\/wp-json\/wp\/v2\/media\/21527"}],"wp:attachment":[{"href":"https:\/\/dga.de\/fr\/wp-json\/wp\/v2\/media?parent=9719"}],"wp:term":[{"taxonomy":"product_brand","embeddable":true,"href":"https:\/\/dga.de\/fr\/wp-json\/wp\/v2\/product_brand?post=9719"},{"taxonomy":"product_cat","embeddable":true,"href":"https:\/\/dga.de\/fr\/wp-json\/wp\/v2\/product_cat?post=9719"},{"taxonomy":"product_tag","embeddable":true,"href":"https:\/\/dga.de\/fr\/wp-json\/wp\/v2\/product_tag?post=9719"}],"curies":[{"name":"wp","href":"https:\/\/api.w.org\/{rel}","templated":true}]}}