{"id":9721,"date":"2019-03-26T11:48:51","date_gmt":"2019-03-26T10:48:51","guid":{"rendered":"https:\/\/dga.de\/produkt\/biguma-1401\/"},"modified":"2024-02-01T10:31:24","modified_gmt":"2024-02-01T09:31:24","slug":"biguma-1401","status":"publish","type":"product","link":"https:\/\/dga.de\/fr\/produkt\/biguma-1401\/","title":{"rendered":"BIGUMA\u00ae- 1401"},"content":{"rendered":"<p>BIGUMA\u00ae- 1401 convient aux joints des zones en b\u00e9ton et en enrob\u00e9 qui sont soumises \u00e0 des mouvements importants, avec peu ou pas de circulation, comme les bordures de s\u00e9curit\u00e9 des ponts en b\u00e9ton et en acier. Gr\u00e2ce \u00e0 sa configuration \u00e9lastique, elle peut supporter une modification de la largeur de la rainure de jointement allant jusqu&rsquo;\u00e0 35 %. Par ailleurs, la masse BIGUMA\u00ae- 1401 se caract\u00e9rise par une bonne adh\u00e9rence aux supports bitumeux et min\u00e9raux ainsi que par de tr\u00e8s bonnes propri\u00e9t\u00e9s d\u2019utilisation par temps chaud et froid.<\/p>\n<p>Homologations : TL Fug-StB, DIN EN 14188-1, type N1<\/p>\n","protected":false},"excerpt":{"rendered":"<p>Masse de scellement bitumeuse et \u00e9lastique modifi\u00e9e par des polym\u00e8res<\/p>\n[fusion_global id=\"12385\"]\n","protected":false},"featured_media":15476,"comment_status":"closed","ping_status":"closed","template":"","meta":[],"product_brand":[],"product_cat":[945,1003,1004],"product_tag":[],"class_list":{"0":"post-9721","1":"product","2":"type-product","3":"status-publish","4":"has-post-thumbnail","6":"product_cat-strassenbau-fr","7":"product_cat-bruecken-fr","8":"product_cat-produkte-fuer-den-schrammbordbereich-fr","10":"first","11":"instock","12":"product-type-simple"},"_links":{"self":[{"href":"https:\/\/dga.de\/fr\/wp-json\/wp\/v2\/product\/9721","targetHints":{"allow":["GET"]}}],"collection":[{"href":"https:\/\/dga.de\/fr\/wp-json\/wp\/v2\/product"}],"about":[{"href":"https:\/\/dga.de\/fr\/wp-json\/wp\/v2\/types\/product"}],"replies":[{"embeddable":true,"href":"https:\/\/dga.de\/fr\/wp-json\/wp\/v2\/comments?post=9721"}],"wp:featuredmedia":[{"embeddable":true,"href":"https:\/\/dga.de\/fr\/wp-json\/wp\/v2\/media\/15476"}],"wp:attachment":[{"href":"https:\/\/dga.de\/fr\/wp-json\/wp\/v2\/media?parent=9721"}],"wp:term":[{"taxonomy":"product_brand","embeddable":true,"href":"https:\/\/dga.de\/fr\/wp-json\/wp\/v2\/product_brand?post=9721"},{"taxonomy":"product_cat","embeddable":true,"href":"https:\/\/dga.de\/fr\/wp-json\/wp\/v2\/product_cat?post=9721"},{"taxonomy":"product_tag","embeddable":true,"href":"https:\/\/dga.de\/fr\/wp-json\/wp\/v2\/product_tag?post=9721"}],"curies":[{"name":"wp","href":"https:\/\/api.w.org\/{rel}","templated":true}]}}