{"id":9726,"date":"2019-03-26T11:48:51","date_gmt":"2019-03-26T10:48:51","guid":{"rendered":"https:\/\/dga.de\/produkt\/biguma-rs\/"},"modified":"2022-04-20T15:05:24","modified_gmt":"2022-04-20T13:05:24","slug":"biguma-rs","status":"publish","type":"product","link":"https:\/\/dga.de\/fr\/produkt\/biguma-rs\/","title":{"rendered":"BIGUMA\u00ae- RS"},"content":{"rendered":"<p>BIGUMA\u00ae- RS est sp\u00e9cialement d\u00e9velopp\u00e9e pour la r\u00e9paration des fissures et des joints dans les routes en enrob\u00e9 et en b\u00e9ton, ainsi que pour recouvrir les fissures (Oversealbanding). Cette masse de fissuration sp\u00e9ciale se caract\u00e9rise par une grande stabilit\u00e9, m\u00eame en plein soleil, et ne colle pas sur les pneus en plein trafic.<\/p>\n<p>Homologations : TL Fug-StB<\/p>\n","protected":false},"excerpt":{"rendered":"<p>Masse de fissuration bitumeuse modifi\u00e9e par des polym\u00e8res, stabilit\u00e9 \u00e9lev\u00e9e<\/p>\n[fusion_global id=\"12385\"]\n","protected":false},"featured_media":15764,"comment_status":"closed","ping_status":"closed","template":"","meta":[],"product_brand":[],"product_cat":[945,1005,954],"product_tag":[],"class_list":{"0":"post-9726","1":"product","2":"type-product","3":"status-publish","4":"has-post-thumbnail","6":"product_cat-strassenbau-fr","7":"product_cat-risssanierung-fr","8":"product_cat-verkehrsflaechen-fr","10":"first","11":"instock","12":"product-type-simple"},"_links":{"self":[{"href":"https:\/\/dga.de\/fr\/wp-json\/wp\/v2\/product\/9726","targetHints":{"allow":["GET"]}}],"collection":[{"href":"https:\/\/dga.de\/fr\/wp-json\/wp\/v2\/product"}],"about":[{"href":"https:\/\/dga.de\/fr\/wp-json\/wp\/v2\/types\/product"}],"replies":[{"embeddable":true,"href":"https:\/\/dga.de\/fr\/wp-json\/wp\/v2\/comments?post=9726"}],"wp:featuredmedia":[{"embeddable":true,"href":"https:\/\/dga.de\/fr\/wp-json\/wp\/v2\/media\/15764"}],"wp:attachment":[{"href":"https:\/\/dga.de\/fr\/wp-json\/wp\/v2\/media?parent=9726"}],"wp:term":[{"taxonomy":"product_brand","embeddable":true,"href":"https:\/\/dga.de\/fr\/wp-json\/wp\/v2\/product_brand?post=9726"},{"taxonomy":"product_cat","embeddable":true,"href":"https:\/\/dga.de\/fr\/wp-json\/wp\/v2\/product_cat?post=9726"},{"taxonomy":"product_tag","embeddable":true,"href":"https:\/\/dga.de\/fr\/wp-json\/wp\/v2\/product_tag?post=9726"}],"curies":[{"name":"wp","href":"https:\/\/api.w.org\/{rel}","templated":true}]}}