{"id":9728,"date":"2019-03-26T11:48:51","date_gmt":"2019-03-26T10:48:51","guid":{"rendered":"https:\/\/dga.de\/produkt\/biguma-reaktiv\/"},"modified":"2024-02-05T10:40:09","modified_gmt":"2024-02-05T09:40:09","slug":"biguma-reaktiv","status":"publish","type":"product","link":"https:\/\/dga.de\/fr\/produkt\/biguma-reaktiv\/","title":{"rendered":"BIGUMA\u00ae- Reaktiv"},"content":{"rendered":"<p>BIGUMA\u00ae- Reaktiv est principalement adapt\u00e9e \u00e0 la r\u00e9paration de petites fissures dans les zones de circulation en enrob\u00e9 et au remplissage des joints lors de la fabrication de boucles d&rsquo;induction. Cette masse bitumeuse de fissuration et de scellement se compose de deux composants qui sont automatiquement m\u00e9lang\u00e9s dans la cartouche innovante et peuvent \u00eatre appliqu\u00e9s sans probl\u00e8me. La combinaison sp\u00e9ciale d&rsquo;ingr\u00e9dients actifs assure une tr\u00e8s bonne adh\u00e9rence, de sorte qu&rsquo;une sous-couche n&rsquo;est g\u00e9n\u00e9ralement pas n\u00e9cessaire.<\/p>\n","protected":false},"excerpt":{"rendered":"<p>Masse de fissuration et de scellement r\u00e9active \u00e0 deux composants sans sous-couche<\/p>\n[fusion_global id=\"12385\"]\n","protected":false},"featured_media":20986,"comment_status":"closed","ping_status":"closed","template":"","meta":[],"product_brand":[],"product_cat":[945,1005,954],"product_tag":[],"class_list":{"0":"post-9728","1":"product","2":"type-product","3":"status-publish","4":"has-post-thumbnail","6":"product_cat-strassenbau-fr","7":"product_cat-risssanierung-fr","8":"product_cat-verkehrsflaechen-fr","10":"first","11":"instock","12":"product-type-simple"},"_links":{"self":[{"href":"https:\/\/dga.de\/fr\/wp-json\/wp\/v2\/product\/9728","targetHints":{"allow":["GET"]}}],"collection":[{"href":"https:\/\/dga.de\/fr\/wp-json\/wp\/v2\/product"}],"about":[{"href":"https:\/\/dga.de\/fr\/wp-json\/wp\/v2\/types\/product"}],"replies":[{"embeddable":true,"href":"https:\/\/dga.de\/fr\/wp-json\/wp\/v2\/comments?post=9728"}],"wp:featuredmedia":[{"embeddable":true,"href":"https:\/\/dga.de\/fr\/wp-json\/wp\/v2\/media\/20986"}],"wp:attachment":[{"href":"https:\/\/dga.de\/fr\/wp-json\/wp\/v2\/media?parent=9728"}],"wp:term":[{"taxonomy":"product_brand","embeddable":true,"href":"https:\/\/dga.de\/fr\/wp-json\/wp\/v2\/product_brand?post=9728"},{"taxonomy":"product_cat","embeddable":true,"href":"https:\/\/dga.de\/fr\/wp-json\/wp\/v2\/product_cat?post=9728"},{"taxonomy":"product_tag","embeddable":true,"href":"https:\/\/dga.de\/fr\/wp-json\/wp\/v2\/product_tag?post=9728"}],"curies":[{"name":"wp","href":"https:\/\/api.w.org\/{rel}","templated":true}]}}