{"id":9730,"date":"2019-03-26T11:48:51","date_gmt":"2019-03-26T10:48:51","guid":{"rendered":"https:\/\/dga.de\/produkt\/biguma-sv\/"},"modified":"2025-03-21T15:39:49","modified_gmt":"2025-03-21T14:39:49","slug":"biguma-sv","status":"publish","type":"product","link":"https:\/\/dga.de\/fr\/produkt\/biguma-sv\/","title":{"rendered":"BIGUMA\u00ae- SV"},"content":{"rendered":"<p>BIGUMA\u00ae- SV est une masse de scellement bitumineuse applicable \u00e0 chaud contenant un composant plastique et un composant peu \u00e9lastique. Elle est surtout utilis\u00e9e pour l&rsquo;\u00e9tanch\u00e9it\u00e9 des serrures de palplanches en acier avant le cadre ou l&rsquo;enfilage des palplanches en acier, notamment en cas de sol sableux.<br \/>\nElle se caract\u00e9rise par un pouvoir adh\u00e9sif \u00e9lev\u00e9 et est facile \u00e0 appliquer. Les palplanches d\u2018acier peuvent \u00eatre trait\u00e9es imm\u00e9diatement apr\u00e8s le refroidissement de la masse de scellement (environ 1 heure).<\/p>\n","protected":false},"excerpt":{"rendered":"<p>Masse de scellement bitumineuse \u00e0 chaud pour serrures de palplanches en acier<\/p>\n","protected":false},"featured_media":22186,"comment_status":"closed","ping_status":"closed","template":"","meta":[],"product_brand":[],"product_cat":[1006,945],"product_tag":[],"class_list":{"0":"post-9730","1":"product","2":"type-product","3":"status-publish","4":"has-post-thumbnail","6":"product_cat-spezialanwendungen-fr","7":"product_cat-strassenbau-fr","9":"first","10":"instock","11":"product-type-simple"},"_links":{"self":[{"href":"https:\/\/dga.de\/fr\/wp-json\/wp\/v2\/product\/9730","targetHints":{"allow":["GET"]}}],"collection":[{"href":"https:\/\/dga.de\/fr\/wp-json\/wp\/v2\/product"}],"about":[{"href":"https:\/\/dga.de\/fr\/wp-json\/wp\/v2\/types\/product"}],"replies":[{"embeddable":true,"href":"https:\/\/dga.de\/fr\/wp-json\/wp\/v2\/comments?post=9730"}],"wp:featuredmedia":[{"embeddable":true,"href":"https:\/\/dga.de\/fr\/wp-json\/wp\/v2\/media\/22186"}],"wp:attachment":[{"href":"https:\/\/dga.de\/fr\/wp-json\/wp\/v2\/media?parent=9730"}],"wp:term":[{"taxonomy":"product_brand","embeddable":true,"href":"https:\/\/dga.de\/fr\/wp-json\/wp\/v2\/product_brand?post=9730"},{"taxonomy":"product_cat","embeddable":true,"href":"https:\/\/dga.de\/fr\/wp-json\/wp\/v2\/product_cat?post=9730"},{"taxonomy":"product_tag","embeddable":true,"href":"https:\/\/dga.de\/fr\/wp-json\/wp\/v2\/product_tag?post=9730"}],"curies":[{"name":"wp","href":"https:\/\/api.w.org\/{rel}","templated":true}]}}