{"id":9732,"date":"2019-03-26T11:48:51","date_gmt":"2019-03-26T10:48:51","guid":{"rendered":"https:\/\/dga.de\/produkt\/colzumix-haftgrund\/"},"modified":"2022-04-19T12:40:42","modified_gmt":"2022-04-19T10:40:42","slug":"colzumix-haftgrund","status":"publish","type":"product","link":"https:\/\/dga.de\/fr\/produkt\/colzumix-haftgrund\/","title":{"rendered":"COLZUMIX\u00ae- Haftgrund"},"content":{"rendered":"<p>COLZUMIX\u00ae- Haftgrund est une sous-couche (primaire) plastique transparente pour toutes les masses de scellement BIGUMA\u00ae. Gr\u00e2ce \u00e0 sa consistance fluide, elle est facile \u00e0 appliquer et assure l&rsquo;adh\u00e9sion entre les bords du joint et la masse de scellement BIGUMA\u00ae.<\/p>\n<p>Homologations : TL Fug-StB, EN 14188-4, type PRH<\/p>\n","protected":false},"excerpt":{"rendered":"<p>Primaire en plastique<\/p>\n[fusion_global id=\"12385\"]\n","protected":false},"featured_media":9733,"comment_status":"closed","ping_status":"closed","template":"","meta":[],"product_brand":[],"product_cat":[945,991],"product_tag":[],"class_list":{"0":"post-9732","1":"product","2":"type-product","3":"status-publish","4":"has-post-thumbnail","6":"product_cat-strassenbau-fr","7":"product_cat-systemprodukte-strassenbau-2-fr","9":"first","10":"instock","11":"product-type-simple"},"_links":{"self":[{"href":"https:\/\/dga.de\/fr\/wp-json\/wp\/v2\/product\/9732","targetHints":{"allow":["GET"]}}],"collection":[{"href":"https:\/\/dga.de\/fr\/wp-json\/wp\/v2\/product"}],"about":[{"href":"https:\/\/dga.de\/fr\/wp-json\/wp\/v2\/types\/product"}],"replies":[{"embeddable":true,"href":"https:\/\/dga.de\/fr\/wp-json\/wp\/v2\/comments?post=9732"}],"wp:featuredmedia":[{"embeddable":true,"href":"https:\/\/dga.de\/fr\/wp-json\/wp\/v2\/media\/9733"}],"wp:attachment":[{"href":"https:\/\/dga.de\/fr\/wp-json\/wp\/v2\/media?parent=9732"}],"wp:term":[{"taxonomy":"product_brand","embeddable":true,"href":"https:\/\/dga.de\/fr\/wp-json\/wp\/v2\/product_brand?post=9732"},{"taxonomy":"product_cat","embeddable":true,"href":"https:\/\/dga.de\/fr\/wp-json\/wp\/v2\/product_cat?post=9732"},{"taxonomy":"product_tag","embeddable":true,"href":"https:\/\/dga.de\/fr\/wp-json\/wp\/v2\/product_tag?post=9732"}],"curies":[{"name":"wp","href":"https:\/\/api.w.org\/{rel}","templated":true}]}}