{"id":9734,"date":"2019-03-26T11:48:51","date_gmt":"2019-03-26T10:48:51","guid":{"rendered":"https:\/\/dga.de\/produkt\/colzumix-haftgrund-n2-plus\/"},"modified":"2022-04-19T12:47:05","modified_gmt":"2022-04-19T10:47:05","slug":"colzumix-haftgrund-n2-plus","status":"publish","type":"product","link":"https:\/\/dga.de\/fr\/produkt\/colzumix-haftgrund-n2-plus\/","title":{"rendered":"COLZUMIX\u00ae- Haftgrund N2 Plus"},"content":{"rendered":"<p>COLZUMIX\u00ae- Haftgrund N2 Plus est une sous-couche (primaire) sp\u00e9cialement modifi\u00e9e pour BIGUMA\u00ae- N2 Plus. Combin\u00e9e \u00e0 BIGUMA\u00ae- N2 Plus, elle convient particuli\u00e8rement aux zones de circulation soumises \u00e0 des charges accrues dans les bords de joints. Gr\u00e2ce \u00e0 son excellent pouvoir adh\u00e9sif, elle est \u00e9galement utilis\u00e9e lorsque la surface des bords de joints pr\u00e9sente une adh\u00e9rence critique en raison de la composition du b\u00e9ton.<\/p>\n<p>Homologations : TL Fug-StB, EN 14188-4, type PRH<\/p>\n","protected":false},"excerpt":{"rendered":"<p>Primaire en plastique pour le scellement dans les zones de circulation tr\u00e8s denses<\/p>\n[fusion_global id=\"12385\"]\n","protected":false},"featured_media":9735,"comment_status":"closed","ping_status":"closed","template":"","meta":[],"product_brand":[],"product_cat":[945,991],"product_tag":[],"class_list":{"0":"post-9734","1":"product","2":"type-product","3":"status-publish","4":"has-post-thumbnail","6":"product_cat-strassenbau-fr","7":"product_cat-systemprodukte-strassenbau-2-fr","9":"first","10":"instock","11":"product-type-simple"},"_links":{"self":[{"href":"https:\/\/dga.de\/fr\/wp-json\/wp\/v2\/product\/9734","targetHints":{"allow":["GET"]}}],"collection":[{"href":"https:\/\/dga.de\/fr\/wp-json\/wp\/v2\/product"}],"about":[{"href":"https:\/\/dga.de\/fr\/wp-json\/wp\/v2\/types\/product"}],"replies":[{"embeddable":true,"href":"https:\/\/dga.de\/fr\/wp-json\/wp\/v2\/comments?post=9734"}],"wp:featuredmedia":[{"embeddable":true,"href":"https:\/\/dga.de\/fr\/wp-json\/wp\/v2\/media\/9735"}],"wp:attachment":[{"href":"https:\/\/dga.de\/fr\/wp-json\/wp\/v2\/media?parent=9734"}],"wp:term":[{"taxonomy":"product_brand","embeddable":true,"href":"https:\/\/dga.de\/fr\/wp-json\/wp\/v2\/product_brand?post=9734"},{"taxonomy":"product_cat","embeddable":true,"href":"https:\/\/dga.de\/fr\/wp-json\/wp\/v2\/product_cat?post=9734"},{"taxonomy":"product_tag","embeddable":true,"href":"https:\/\/dga.de\/fr\/wp-json\/wp\/v2\/product_tag?post=9734"}],"curies":[{"name":"wp","href":"https:\/\/api.w.org\/{rel}","templated":true}]}}