{"id":9318,"date":"2019-06-21T12:38:52","date_gmt":"2019-06-21T10:38:52","guid":{"rendered":"https:\/\/dga.de\/unternehmen\/produktionsstaetten\/werk-dortmund\/"},"modified":"2020-12-03T11:34:20","modified_gmt":"2020-12-03T10:34:20","slug":"werk-dortmund","status":"publish","type":"page","link":"https:\/\/dga.de\/nl\/unternehmen\/produktionsstaetten\/werk-dortmund\/","title":{"rendered":"Fabriek Dortmund"},"content":{"rendered":"<div class=\"fusion-fullwidth fullwidth-box fusion-builder-row-1 fusion-flex-container nonhundred-percent-fullwidth non-hundred-percent-height-scrolling\" style=\"--awb-border-radius-top-left:0px;--awb-border-radius-top-right:0px;--awb-border-radius-bottom-right:0px;--awb-border-radius-bottom-left:0px;--awb-flex-wrap:wrap;\" ><div class=\"fusion-builder-row fusion-row fusion-flex-align-items-flex-start fusion-flex-content-wrap\" style=\"max-width:1144px;margin-left: calc(-4% \/ 2 );margin-right: calc(-4% \/ 2 );\"><div class=\"fusion-layout-column fusion_builder_column fusion-builder-column-0 fusion_builder_column_1_1 1_1 fusion-flex-column\" style=\"--awb-bg-size:cover;--awb-width-large:100%;--awb-margin-top-large:0px;--awb-spacing-right-large:1.92%;--awb-margin-bottom-large:20px;--awb-spacing-left-large:1.92%;--awb-width-medium:100%;--awb-spacing-right-medium:1.92%;--awb-spacing-left-medium:1.92%;--awb-width-small:100%;--awb-spacing-right-small:1.92%;--awb-spacing-left-small:1.92%;\"><div class=\"fusion-column-wrapper fusion-column-has-shadow fusion-flex-justify-content-flex-start fusion-content-layout-column\"><div class=\"fusion-text fusion-text-1\"><h1>Fabriek Dortmund<\/h1>\n<\/div><\/div><\/div><div class=\"fusion-layout-column fusion_builder_column fusion-builder-column-1 fusion_builder_column_2_3 2_3 fusion-flex-column\" style=\"--awb-bg-size:cover;--awb-width-large:66.666666666667%;--awb-margin-top-large:0px;--awb-spacing-right-large:3.84%;--awb-margin-bottom-large:0px;--awb-spacing-left-large:2.88%;--awb-width-medium:100%;--awb-spacing-right-medium:1.92%;--awb-spacing-left-medium:1.92%;--awb-width-small:100%;--awb-spacing-right-small:1.92%;--awb-spacing-left-small:1.92%;\"><div class=\"fusion-column-wrapper fusion-flex-justify-content-flex-start fusion-content-layout-column\"><div class=\"fusion-text fusion-text-2\"><p>De firma Dortmunder Gu\u00dfasphalt GmbH &amp; Co. KG werd op 15 december 1970 door de firma Deutag Mischwerke GmbH &amp; Co. OHG uit Keulen, de firma Tief- und Stra\u00dfenbaustoffe GmbH &amp; Co. KG uit Gro\u00df-B\u00fclten en de firma Hans Klein GmbH uit Dortmund opgericht. Terwijl de administratieafdeling zich in de stad Soest bevond, werden de productie-installaties in het tot Dortmund behorende stadsdeel Huckarde op het terrein van de firma Hans Klein GmbH aan het havenstation gevestigd. Zoals de naam van de onderneming aangeeft, werd er met het bindmiddel bitumen gietasfalt geproduceerd. Dit werd bij zowel de wegenbouw als industrievloeren, kegelbaanbekledingen, bepleisteringen van binnenvloeren of bij afdichtingen van stuwdammen toegepast.<\/p>\n<p>Reeds vroeg concentreerde de firma Dortmunder Gu\u00dfasphalt zich op de ontwikkeling van nieuwe producten om aan de toenemende marketeisen te voldoen. Onder de merknaam BIGUMA\u00ae (BItumen GUmmi MAsse) ging de onderneming op het einde van de jaren \u201970 van start met de productie van voegmassa\u2019s voor asfalt, beton en wegverharding. Eender of het gaat om bedrijfsruimtes van luchthavens, autosnelwegen of voetgangerszones \u2013 de BIGUMA\u00ae- voegmassa\u2019s dragen er vandaag de dag aan bij, verkeersruimtes te beschermen en hun levensduur beduidend te verlegen.<\/p>\n<p>In de loop van de jaren kwamen daar nog andere productgroepen, zoals bijvoorbeeld polymeergemodificeerd bitumen voor speciale toepassingen of blokbitumen voor de bescherming van bouwwerken bij. De vraag naar d dga-producten \u201emade in Germany\u201c steeg zodanig, dat in 1988 met het terrein \u201eAuf dem Br\u00fcmmer\u201c de productie-installaties uitgebreid werden.<\/p>\n<p>Vandaag de dag produceert de firma Dortmunder Gu\u00dfasphalt in Dortmund in beide vestigingen vooral warm verwerkbare voegmassa\u2019s alsook antischeur- en saneringsmortel die in de hele wereld verwerkt worden\/wordt.<\/p>\n<\/div><\/div><\/div><div class=\"fusion-layout-column fusion_builder_column fusion-builder-column-2 fusion_builder_column_1_3 1_3 fusion-flex-column\" style=\"--awb-bg-size:cover;--awb-width-large:33.333333333333%;--awb-margin-top-large:0px;--awb-spacing-right-large:5.76%;--awb-margin-bottom-large:0px;--awb-spacing-left-large:3.84%;--awb-width-medium:100%;--awb-spacing-right-medium:1.92%;--awb-spacing-left-medium:1.92%;--awb-width-small:100%;--awb-spacing-right-small:1.92%;--awb-spacing-left-small:1.92%;\"><div class=\"fusion-column-wrapper fusion-flex-justify-content-flex-start fusion-content-layout-column\"><div class=\"fusion-image-element \" style=\"--awb-caption-title-font-family:var(--h2_typography-font-family);--awb-caption-title-font-weight:var(--h2_typography-font-weight);--awb-caption-title-font-style:var(--h2_typography-font-style);--awb-caption-title-size:var(--h2_typography-font-size);--awb-caption-title-transform:var(--h2_typography-text-transform);--awb-caption-title-line-height:var(--h2_typography-line-height);--awb-caption-title-letter-spacing:var(--h2_typography-letter-spacing);\"><span class=\" fusion-imageframe imageframe-none imageframe-1 hover-type-none\"><img decoding=\"async\" width=\"1024\" height=\"575\" title=\"werk_dortmund_6\" src=\"https:\/\/dga.de\/wp-content\/uploads\/2019\/07\/werk_dortmund_6.jpg\" data-orig-src=\"http:\/\/dga.de\/wp-content\/uploads\/2019\/07\/werk_dortmund_6-1024x575.jpg\" alt class=\"lazyload img-responsive wp-image-3034\" srcset=\"data:image\/svg+xml,%3Csvg%20xmlns%3D%27http%3A%2F%2Fwww.w3.org%2F2000%2Fsvg%27%20width%3D%271200%27%20height%3D%27674%27%20viewBox%3D%270%200%201200%20674%27%3E%3Crect%20width%3D%271200%27%20height%3D%27674%27%20fill-opacity%3D%220%22%2F%3E%3C%2Fsvg%3E\" data-srcset=\"https:\/\/dga.de\/wp-content\/uploads\/2019\/07\/werk_dortmund_6-200x112.jpg 200w, https:\/\/dga.de\/wp-content\/uploads\/2019\/07\/werk_dortmund_6-400x225.jpg 400w, https:\/\/dga.de\/wp-content\/uploads\/2019\/07\/werk_dortmund_6-600x337.jpg 600w, https:\/\/dga.de\/wp-content\/uploads\/2019\/07\/werk_dortmund_6-800x449.jpg 800w, https:\/\/dga.de\/wp-content\/uploads\/2019\/07\/werk_dortmund_6.jpg 1200w\" data-sizes=\"auto\" data-orig-sizes=\"(max-width: 1024px) 100vw, (max-width: 640px) 100vw, 400px\" \/><\/span><\/div><div class=\"fusion-separator fusion-full-width-sep\" style=\"align-self: center;margin-left: auto;margin-right: auto;margin-top:20px;width:100%;\"><\/div><div class=\"fusion-image-element \" style=\"--awb-caption-title-font-family:var(--h2_typography-font-family);--awb-caption-title-font-weight:var(--h2_typography-font-weight);--awb-caption-title-font-style:var(--h2_typography-font-style);--awb-caption-title-size:var(--h2_typography-font-size);--awb-caption-title-transform:var(--h2_typography-text-transform);--awb-caption-title-line-height:var(--h2_typography-line-height);--awb-caption-title-letter-spacing:var(--h2_typography-letter-spacing);\"><span class=\" fusion-imageframe imageframe-none imageframe-2 hover-type-none\"><img decoding=\"async\" width=\"1024\" height=\"575\" title=\"werk_dortmund_3\" src=\"https:\/\/dga.de\/wp-content\/uploads\/2019\/07\/werk_dortmund_3.jpg\" data-orig-src=\"http:\/\/dga.de\/wp-content\/uploads\/2019\/07\/werk_dortmund_3-1024x575.jpg\" alt class=\"lazyload img-responsive wp-image-3032\" srcset=\"data:image\/svg+xml,%3Csvg%20xmlns%3D%27http%3A%2F%2Fwww.w3.org%2F2000%2Fsvg%27%20width%3D%271200%27%20height%3D%27674%27%20viewBox%3D%270%200%201200%20674%27%3E%3Crect%20width%3D%271200%27%20height%3D%27674%27%20fill-opacity%3D%220%22%2F%3E%3C%2Fsvg%3E\" data-srcset=\"https:\/\/dga.de\/wp-content\/uploads\/2019\/07\/werk_dortmund_3-200x112.jpg 200w, https:\/\/dga.de\/wp-content\/uploads\/2019\/07\/werk_dortmund_3-400x225.jpg 400w, https:\/\/dga.de\/wp-content\/uploads\/2019\/07\/werk_dortmund_3-600x337.jpg 600w, https:\/\/dga.de\/wp-content\/uploads\/2019\/07\/werk_dortmund_3-800x449.jpg 800w, https:\/\/dga.de\/wp-content\/uploads\/2019\/07\/werk_dortmund_3.jpg 1200w\" data-sizes=\"auto\" data-orig-sizes=\"(max-width: 1024px) 100vw, (max-width: 640px) 100vw, 400px\" \/><\/span><\/div><div class=\"fusion-separator fusion-full-width-sep\" style=\"align-self: center;margin-left: auto;margin-right: auto;margin-top:20px;width:100%;\"><\/div><div class=\"fusion-image-element \" style=\"--awb-caption-title-font-family:var(--h2_typography-font-family);--awb-caption-title-font-weight:var(--h2_typography-font-weight);--awb-caption-title-font-style:var(--h2_typography-font-style);--awb-caption-title-size:var(--h2_typography-font-size);--awb-caption-title-transform:var(--h2_typography-text-transform);--awb-caption-title-line-height:var(--h2_typography-line-height);--awb-caption-title-letter-spacing:var(--h2_typography-letter-spacing);\"><span class=\" fusion-imageframe imageframe-none imageframe-3 hover-type-none\"><img decoding=\"async\" width=\"1024\" height=\"575\" title=\"werk_dortmund_5\" src=\"https:\/\/dga.de\/wp-content\/uploads\/2019\/07\/werk_dortmund_5.jpg\" data-orig-src=\"http:\/\/dga.de\/wp-content\/uploads\/2019\/07\/werk_dortmund_5-1024x575.jpg\" alt class=\"lazyload img-responsive wp-image-3030\" srcset=\"data:image\/svg+xml,%3Csvg%20xmlns%3D%27http%3A%2F%2Fwww.w3.org%2F2000%2Fsvg%27%20width%3D%271200%27%20height%3D%27674%27%20viewBox%3D%270%200%201200%20674%27%3E%3Crect%20width%3D%271200%27%20height%3D%27674%27%20fill-opacity%3D%220%22%2F%3E%3C%2Fsvg%3E\" data-srcset=\"https:\/\/dga.de\/wp-content\/uploads\/2019\/07\/werk_dortmund_5-200x112.jpg 200w, https:\/\/dga.de\/wp-content\/uploads\/2019\/07\/werk_dortmund_5-400x225.jpg 400w, https:\/\/dga.de\/wp-content\/uploads\/2019\/07\/werk_dortmund_5-600x337.jpg 600w, https:\/\/dga.de\/wp-content\/uploads\/2019\/07\/werk_dortmund_5-800x449.jpg 800w, https:\/\/dga.de\/wp-content\/uploads\/2019\/07\/werk_dortmund_5.jpg 1200w\" data-sizes=\"auto\" data-orig-sizes=\"(max-width: 1024px) 100vw, (max-width: 640px) 100vw, 400px\" \/><\/span><\/div><\/div><\/div><\/div><\/div>\n","protected":false},"excerpt":{"rendered":"","protected":false},"author":1,"featured_media":0,"parent":9314,"menu_order":0,"comment_status":"closed","ping_status":"closed","template":"","meta":{"footnotes":""},"class_list":["post-9318","page","type-page","status-publish","hentry"],"_links":{"self":[{"href":"https:\/\/dga.de\/nl\/wp-json\/wp\/v2\/pages\/9318","targetHints":{"allow":["GET"]}}],"collection":[{"href":"https:\/\/dga.de\/nl\/wp-json\/wp\/v2\/pages"}],"about":[{"href":"https:\/\/dga.de\/nl\/wp-json\/wp\/v2\/types\/page"}],"author":[{"embeddable":true,"href":"https:\/\/dga.de\/nl\/wp-json\/wp\/v2\/users\/1"}],"replies":[{"embeddable":true,"href":"https:\/\/dga.de\/nl\/wp-json\/wp\/v2\/comments?post=9318"}],"version-history":[{"count":0,"href":"https:\/\/dga.de\/nl\/wp-json\/wp\/v2\/pages\/9318\/revisions"}],"up":[{"embeddable":true,"href":"https:\/\/dga.de\/nl\/wp-json\/wp\/v2\/pages\/9314"}],"wp:attachment":[{"href":"https:\/\/dga.de\/nl\/wp-json\/wp\/v2\/media?parent=9318"}],"curies":[{"name":"wp","href":"https:\/\/api.w.org\/{rel}","templated":true}]}}