{"id":9330,"date":"2019-06-21T15:40:30","date_gmt":"2019-06-21T13:40:30","guid":{"rendered":"https:\/\/dga.de\/unternehmen\/produktionsstaetten\/werk-isoliererzeugnisse-grossroehrsdorf\/"},"modified":"2020-12-03T11:42:24","modified_gmt":"2020-12-03T10:42:24","slug":"werk-isoliererzeugnisse-grossroehrsdorf","status":"publish","type":"page","link":"https:\/\/dga.de\/nl\/unternehmen\/produktionsstaetten\/werk-isoliererzeugnisse-grossroehrsdorf\/","title":{"rendered":"Fabriek Isoliererzeugnisse Gro\u00dfr\u00f6hrsdorf"},"content":{"rendered":"<div class=\"fusion-fullwidth fullwidth-box fusion-builder-row-1 fusion-flex-container nonhundred-percent-fullwidth non-hundred-percent-height-scrolling\" style=\"--awb-border-radius-top-left:0px;--awb-border-radius-top-right:0px;--awb-border-radius-bottom-right:0px;--awb-border-radius-bottom-left:0px;--awb-flex-wrap:wrap;\" ><div class=\"fusion-builder-row fusion-row fusion-flex-align-items-flex-start fusion-flex-content-wrap\" style=\"max-width:1144px;margin-left: calc(-4% \/ 2 );margin-right: calc(-4% \/ 2 );\"><div class=\"fusion-layout-column fusion_builder_column fusion-builder-column-0 fusion_builder_column_1_1 1_1 fusion-flex-column\" style=\"--awb-bg-size:cover;--awb-width-large:100%;--awb-margin-top-large:0px;--awb-spacing-right-large:1.92%;--awb-margin-bottom-large:20px;--awb-spacing-left-large:1.92%;--awb-width-medium:100%;--awb-spacing-right-medium:1.92%;--awb-spacing-left-medium:1.92%;--awb-width-small:100%;--awb-spacing-right-small:1.92%;--awb-spacing-left-small:1.92%;\"><div class=\"fusion-column-wrapper fusion-column-has-shadow fusion-flex-justify-content-flex-start fusion-content-layout-column\"><div class=\"fusion-text fusion-text-1\"><h1>Fabriek Isoliererzeugnisse Gro\u00dfr\u00f6hrsdorf<\/h1>\n<\/div><\/div><\/div><div class=\"fusion-layout-column fusion_builder_column fusion-builder-column-1 fusion_builder_column_2_3 2_3 fusion-flex-column\" style=\"--awb-bg-size:cover;--awb-width-large:66.666666666667%;--awb-margin-top-large:0px;--awb-spacing-right-large:3.84%;--awb-margin-bottom-large:0px;--awb-spacing-left-large:2.88%;--awb-width-medium:100%;--awb-spacing-right-medium:1.92%;--awb-spacing-left-medium:1.92%;--awb-width-small:100%;--awb-spacing-right-small:1.92%;--awb-spacing-left-small:1.92%;\"><div class=\"fusion-column-wrapper fusion-flex-justify-content-flex-start fusion-content-layout-column\"><div class=\"fusion-text fusion-text-2\"><p>Opgericht in het jaar 1845 als bandweverij C. F. Sch\u00f6ne heeft de onderneming een lange en gevarieerde geschiedenis. De geboortestad Gro\u00dfr\u00f6hrsdorf ontwikkelde zich op het einde van de 19de eeuw tot de hoofdzetel van de Bandindustrie Sachsens. Ook bij ISO werden er in deze vestiging textielbanden voor veelvuldige toepassingsgebieden, zoals bekleding, technische doeleinden of kranslusbanden, geweven.<\/p>\n<p>Geboren in de tijd van de omstandigheden na de 2de Wereldoorlog en de opsplitsing van Duitsland ontbraken er in Oost-Duitsland anticorrosiebanden voor de afscherming van in het wegdek ingelegde stalen leidingen. Zo werden ermee begonnen, zelf geweven banden in gemodificeerd bitumen te drenken en te coaten. Dit betekende het begin van de langer durende verandering van de onderneming in een textielbedrijf voor de productie van producten voor het bouwwezen. In 1972 werd het tot heden particuliere bedrijf gedwongen genationaliseerd. Op het einde van de jaren \u201970 liep de textielproductie ten einde. De continu verbeterde en verder ontwikkelde \u201eSch\u00f6ne\u201c- anticorrosiebanden waren dan decennialang de enige producten van dit type in der DDR.<\/p>\n<p>Met de Wende, de politieke omwenteling van 1989\/1990, stelde de onderneming zich af op de door de concurrentie in de markt gestelde eisen. Binnen een korte tijdspanne kregen belangrijke producten het DIN-certificaat. Met de overname door dga begon de productie van bouwmaterialen op basis van bitumen voor de wegenbouw. Omvangrijke investeringen brachten de productietechnologie op de modernste stand, daarnaast vonden er bouwkundige uitbreidingen en nieuwebouwen plaats. Tegenwoordig produceert ISO complexe bouwmaterialen, waaronder naast de BIGUMA\u00ae- wegenbouwproducten vooral de wereldwijd gewaardeerde ISO-banden. Deze worden bijvoorbeeld toegepast bij de corrosiebescherming of als zelfklevende afdichtings- en reparatiebanden. De hoge flexibiliteit van de onderneming zorgt ervoor dat aan elke specifieke eis van klanten zo snel mogelijk voldaan wordt.<\/p>\n<\/div><\/div><\/div><div class=\"fusion-layout-column fusion_builder_column fusion-builder-column-2 fusion_builder_column_1_3 1_3 fusion-flex-column\" style=\"--awb-bg-size:cover;--awb-width-large:33.333333333333%;--awb-margin-top-large:0px;--awb-spacing-right-large:5.76%;--awb-margin-bottom-large:0px;--awb-spacing-left-large:3.84%;--awb-width-medium:100%;--awb-spacing-right-medium:1.92%;--awb-spacing-left-medium:1.92%;--awb-width-small:100%;--awb-spacing-right-small:1.92%;--awb-spacing-left-small:1.92%;\"><div class=\"fusion-column-wrapper fusion-flex-justify-content-flex-start fusion-content-layout-column\"><div class=\"fusion-image-element \" style=\"--awb-caption-title-font-family:var(--h2_typography-font-family);--awb-caption-title-font-weight:var(--h2_typography-font-weight);--awb-caption-title-font-style:var(--h2_typography-font-style);--awb-caption-title-size:var(--h2_typography-font-size);--awb-caption-title-transform:var(--h2_typography-text-transform);--awb-caption-title-line-height:var(--h2_typography-line-height);--awb-caption-title-letter-spacing:var(--h2_typography-letter-spacing);\"><span class=\" fusion-imageframe imageframe-none imageframe-1 hover-type-none\"><img decoding=\"async\" width=\"1011\" height=\"674\" title=\"werk_iso_3\" src=\"https:\/\/dga.de\/wp-content\/uploads\/2019\/07\/werk_iso_3.jpg\" data-orig-src=\"http:\/\/dga.de\/wp-content\/uploads\/2019\/07\/werk_iso_3.jpg\" alt class=\"lazyload img-responsive wp-image-3109\" srcset=\"data:image\/svg+xml,%3Csvg%20xmlns%3D%27http%3A%2F%2Fwww.w3.org%2F2000%2Fsvg%27%20width%3D%271011%27%20height%3D%27674%27%20viewBox%3D%270%200%201011%20674%27%3E%3Crect%20width%3D%271011%27%20height%3D%27674%27%20fill-opacity%3D%220%22%2F%3E%3C%2Fsvg%3E\" data-srcset=\"https:\/\/dga.de\/wp-content\/uploads\/2019\/07\/werk_iso_3-200x133.jpg 200w, https:\/\/dga.de\/wp-content\/uploads\/2019\/07\/werk_iso_3-400x267.jpg 400w, https:\/\/dga.de\/wp-content\/uploads\/2019\/07\/werk_iso_3-600x400.jpg 600w, https:\/\/dga.de\/wp-content\/uploads\/2019\/07\/werk_iso_3-800x533.jpg 800w, https:\/\/dga.de\/wp-content\/uploads\/2019\/07\/werk_iso_3.jpg 1011w\" data-sizes=\"auto\" data-orig-sizes=\"(max-width: 1024px) 100vw, (max-width: 640px) 100vw, 400px\" \/><\/span><\/div><div class=\"fusion-separator fusion-full-width-sep\" style=\"align-self: center;margin-left: auto;margin-right: auto;margin-top:20px;width:100%;\"><\/div><div class=\"fusion-image-element \" style=\"--awb-caption-title-font-family:var(--h2_typography-font-family);--awb-caption-title-font-weight:var(--h2_typography-font-weight);--awb-caption-title-font-style:var(--h2_typography-font-style);--awb-caption-title-size:var(--h2_typography-font-size);--awb-caption-title-transform:var(--h2_typography-text-transform);--awb-caption-title-line-height:var(--h2_typography-line-height);--awb-caption-title-letter-spacing:var(--h2_typography-letter-spacing);\"><span class=\" fusion-imageframe imageframe-none imageframe-2 hover-type-none\"><img decoding=\"async\" width=\"1011\" height=\"674\" title=\"werk_iso_4\" src=\"https:\/\/dga.de\/wp-content\/uploads\/2019\/07\/werk_iso_4.jpg\" data-orig-src=\"http:\/\/dga.de\/wp-content\/uploads\/2019\/07\/werk_iso_4.jpg\" alt class=\"lazyload img-responsive wp-image-3111\" srcset=\"data:image\/svg+xml,%3Csvg%20xmlns%3D%27http%3A%2F%2Fwww.w3.org%2F2000%2Fsvg%27%20width%3D%271011%27%20height%3D%27674%27%20viewBox%3D%270%200%201011%20674%27%3E%3Crect%20width%3D%271011%27%20height%3D%27674%27%20fill-opacity%3D%220%22%2F%3E%3C%2Fsvg%3E\" data-srcset=\"https:\/\/dga.de\/wp-content\/uploads\/2019\/07\/werk_iso_4-200x133.jpg 200w, https:\/\/dga.de\/wp-content\/uploads\/2019\/07\/werk_iso_4-400x267.jpg 400w, https:\/\/dga.de\/wp-content\/uploads\/2019\/07\/werk_iso_4-600x400.jpg 600w, https:\/\/dga.de\/wp-content\/uploads\/2019\/07\/werk_iso_4-800x533.jpg 800w, https:\/\/dga.de\/wp-content\/uploads\/2019\/07\/werk_iso_4.jpg 1011w\" data-sizes=\"auto\" data-orig-sizes=\"(max-width: 1024px) 100vw, (max-width: 640px) 100vw, 400px\" \/><\/span><\/div><div class=\"fusion-separator fusion-full-width-sep\" style=\"align-self: center;margin-left: auto;margin-right: auto;margin-top:20px;width:100%;\"><\/div><div class=\"fusion-image-element \" style=\"--awb-caption-title-font-family:var(--h2_typography-font-family);--awb-caption-title-font-weight:var(--h2_typography-font-weight);--awb-caption-title-font-style:var(--h2_typography-font-style);--awb-caption-title-size:var(--h2_typography-font-size);--awb-caption-title-transform:var(--h2_typography-text-transform);--awb-caption-title-line-height:var(--h2_typography-line-height);--awb-caption-title-letter-spacing:var(--h2_typography-letter-spacing);\"><span class=\" fusion-imageframe imageframe-none imageframe-3 hover-type-none\"><img decoding=\"async\" width=\"1024\" height=\"675\" title=\"werk_iso_6\" src=\"https:\/\/dga.de\/wp-content\/uploads\/2019\/07\/werk_iso_6.jpg\" data-orig-src=\"http:\/\/dga.de\/wp-content\/uploads\/2019\/07\/werk_iso_6-1024x675.jpg\" alt class=\"lazyload img-responsive wp-image-3119\" srcset=\"data:image\/svg+xml,%3Csvg%20xmlns%3D%27http%3A%2F%2Fwww.w3.org%2F2000%2Fsvg%27%20width%3D%271214%27%20height%3D%27800%27%20viewBox%3D%270%200%201214%20800%27%3E%3Crect%20width%3D%271214%27%20height%3D%27800%27%20fill-opacity%3D%220%22%2F%3E%3C%2Fsvg%3E\" data-srcset=\"https:\/\/dga.de\/wp-content\/uploads\/2019\/07\/werk_iso_6-200x132.jpg 200w, https:\/\/dga.de\/wp-content\/uploads\/2019\/07\/werk_iso_6-400x264.jpg 400w, https:\/\/dga.de\/wp-content\/uploads\/2019\/07\/werk_iso_6-600x395.jpg 600w, https:\/\/dga.de\/wp-content\/uploads\/2019\/07\/werk_iso_6-800x527.jpg 800w, https:\/\/dga.de\/wp-content\/uploads\/2019\/07\/werk_iso_6-1200x791.jpg 1200w, https:\/\/dga.de\/wp-content\/uploads\/2019\/07\/werk_iso_6.jpg 1214w\" data-sizes=\"auto\" data-orig-sizes=\"(max-width: 1024px) 100vw, (max-width: 640px) 100vw, 400px\" \/><\/span><\/div><\/div><\/div><\/div><\/div>\n","protected":false},"excerpt":{"rendered":"","protected":false},"author":1,"featured_media":0,"parent":9314,"menu_order":4,"comment_status":"closed","ping_status":"closed","template":"","meta":{"footnotes":""},"class_list":["post-9330","page","type-page","status-publish","hentry"],"_links":{"self":[{"href":"https:\/\/dga.de\/nl\/wp-json\/wp\/v2\/pages\/9330","targetHints":{"allow":["GET"]}}],"collection":[{"href":"https:\/\/dga.de\/nl\/wp-json\/wp\/v2\/pages"}],"about":[{"href":"https:\/\/dga.de\/nl\/wp-json\/wp\/v2\/types\/page"}],"author":[{"embeddable":true,"href":"https:\/\/dga.de\/nl\/wp-json\/wp\/v2\/users\/1"}],"replies":[{"embeddable":true,"href":"https:\/\/dga.de\/nl\/wp-json\/wp\/v2\/comments?post=9330"}],"version-history":[{"count":0,"href":"https:\/\/dga.de\/nl\/wp-json\/wp\/v2\/pages\/9330\/revisions"}],"up":[{"embeddable":true,"href":"https:\/\/dga.de\/nl\/wp-json\/wp\/v2\/pages\/9314"}],"wp:attachment":[{"href":"https:\/\/dga.de\/nl\/wp-json\/wp\/v2\/media?parent=9330"}],"curies":[{"name":"wp","href":"https:\/\/api.w.org\/{rel}","templated":true}]}}