{"id":9381,"date":"2018-06-05T14:59:17","date_gmt":"2018-06-05T12:59:17","guid":{"rendered":"https:\/\/dga.de\/presse-medien\/news\/"},"modified":"2021-04-30T14:25:26","modified_gmt":"2021-04-30T12:25:26","slug":"news","status":"publish","type":"page","link":"https:\/\/dga.de\/nl\/presse-medien\/news\/","title":{"rendered":"News"},"content":{"rendered":"<div class=\"fusion-fullwidth fullwidth-box fusion-builder-row-1 fusion-flex-container nonhundred-percent-fullwidth non-hundred-percent-height-scrolling\" style=\"--awb-border-radius-top-left:0px;--awb-border-radius-top-right:0px;--awb-border-radius-bottom-right:0px;--awb-border-radius-bottom-left:0px;--awb-flex-wrap:wrap;\" ><div class=\"fusion-builder-row fusion-row fusion-flex-align-items-flex-start fusion-flex-content-wrap\" style=\"max-width:calc( 1100px + 0px );margin-left: calc(-0px \/ 2 );margin-right: calc(-0px \/ 2 );\"><div class=\"fusion-layout-column fusion_builder_column fusion-builder-column-0 fusion_builder_column_1_1 1_1 fusion-flex-column\" style=\"--awb-bg-size:cover;--awb-width-large:100%;--awb-margin-top-large:0px;--awb-spacing-right-large:0px;--awb-margin-bottom-large:20px;--awb-spacing-left-large:0px;--awb-width-medium:100%;--awb-spacing-right-medium:0px;--awb-spacing-left-medium:0px;--awb-width-small:100%;--awb-spacing-right-small:0px;--awb-spacing-left-small:0px;\"><div class=\"fusion-column-wrapper fusion-column-has-shadow fusion-flex-justify-content-flex-start fusion-content-layout-column\"><div class=\"fusion-blog-shortcode fusion-blog-shortcode-1 fusion-blog-archive fusion-blog-layout-grid-wrapper fusion-blog-infinite\"><style type=\"text\/css\">.fusion-blog-shortcode-1 .fusion-blog-layout-grid .fusion-post-grid{padding:20px;}.fusion-blog-shortcode-1 .fusion-posts-container{margin-left: -20px !important; margin-right:-20px !important;}<\/style><div class=\"fusion-posts-container fusion-posts-container-infinite fusion-blog-rollover fusion-blog-layout-grid fusion-blog-layout-grid-3 isotope\" data-pages=\"3\" data-grid-col-space=\"40\" style=\"margin: -20px -20px 0;min-height:500px;\"><article id=\"blog-1-post-24139\" class=\"fusion-post-grid post-24139 post type-post status-publish format-standard hentry category-news-nl\">\n<div class=\"fusion-post-wrapper\" style=\"background-color:rgba(255,255,255,0);border:1px solid #ebeaea;border-bottom-width:3px;\">\n\n<div class=\"fusion-post-content-wrapper\" style=\"padding:30px 25px 20px 25px;\"><div class=\"fusion-post-content post-content\"><h2 class=\"blog-shortcode-post-title entry-title\"><a href=\"https:\/\/dga.de\/nl\/preisanpassung-aufgrund-der-aktuellen-weltlage\/\">Prijsaanpassing wegens de actuele wereldsituatie<\/a><\/h2><p class=\"fusion-single-line-meta\"><span class=\"vcard\" style=\"display: none;\"><span class=\"fn\"><a href=\"https:\/\/dga.de\/nl\/author\/kskubisz\/\" title=\"Berichten van Katharina Skubisz\" rel=\"author\">Katharina Skubisz<\/a><\/span><\/span><span class=\"updated\" style=\"display:none;\">2026-03-26T06:36:31+01:00<\/span><span>maart 23rd, 2026<\/span><span class=\"fusion-inline-sep\">|<\/span><\/p><div class=\"fusion-content-sep sep-double sep-solid\"><\/div><div class=\"fusion-post-content-container\"><p> Prijsaanpassing wegens de actuele wereldsituatie  Geachte zakenpartner, geachte klant, de aanhoudende geopolitieke spanningen en de durende oorlog in het Midden-Oosten leiden op dit ogenblik tot aanzienlijke verschuivingen op de globale energie-, transport- en grondstofmarkten. In het bijzonder de ontwikkelingen op het gebied van op aardolie gebaseerde producten hebben de marktsituatie duidelijk verscherpt. De internationale marktsituatie is daarmee buitengewoon [...]<\/p><\/div><\/div><div class=\"fusion-meta-info\"><div class=\"fusion-alignleft\"><a class=\"fusion-read-more\" href=\"https:\/\/dga.de\/nl\/preisanpassung-aufgrund-der-aktuellen-weltlage\/\" aria-label=\"More on Prijsaanpassing wegens de actuele wereldsituatie\">Read More<\/a><\/div><\/div><\/div><div class=\"fusion-clearfix\"><\/div><\/div>\n<\/article>\n<article id=\"blog-1-post-23168\" class=\"fusion-post-grid post-23168 post type-post status-publish format-standard hentry category-news-nl category-news-de-nl\">\n<div class=\"fusion-post-wrapper\" style=\"background-color:rgba(255,255,255,0);border:1px solid #ebeaea;border-bottom-width:3px;\">\n\n<div class=\"fusion-post-content-wrapper\" style=\"padding:30px 25px 20px 25px;\"><div class=\"fusion-post-content post-content\"><h2 class=\"blog-shortcode-post-title entry-title\"><a href=\"https:\/\/dga.de\/nl\/strategische-neuausrichtung-dga-gruppe-buendelt-kompetenzen-im-strassen-und-hochbau\/\">Strategische herori\u00ebntering: dga-groep bundelt competenties in de wegen- en hoogbouw<\/a><\/h2><p class=\"fusion-single-line-meta\"><span class=\"vcard\" style=\"display: none;\"><span class=\"fn\"><a href=\"https:\/\/dga.de\/nl\/author\/kskubisz\/\" title=\"Berichten van Katharina Skubisz\" rel=\"author\">Katharina Skubisz<\/a><\/span><\/span><span class=\"updated\" style=\"display:none;\">2025-11-26T09:07:58+01:00<\/span><span>november 24th, 2025<\/span><span class=\"fusion-inline-sep\">|<\/span><\/p><div class=\"fusion-content-sep sep-double sep-solid\"><\/div><div class=\"fusion-post-content-container\"><p> Strategische herori\u00ebntering: dga-groep bundelt competenties in de wegen- en hoogbouw  Om ons prestatievermogen verder te versterken en onze klanten een nog meer uitgebreide service uit \u00e9\u00e9n hand te bieden, heeft de dga-groep de divisies Wegenbouw en Hoogbouw tot \u00e9\u00e9n gezamenlijke verkoopeenheid samengebracht. De leiding wordt per direct toevertrouwd aan Stefaan Haerinck, salesmanager en procuratiehouder, die de voorbije jaren [...]<\/p><\/div><\/div><div class=\"fusion-meta-info\"><div class=\"fusion-alignleft\"><a class=\"fusion-read-more\" href=\"https:\/\/dga.de\/nl\/strategische-neuausrichtung-dga-gruppe-buendelt-kompetenzen-im-strassen-und-hochbau\/\" aria-label=\"More on Strategische herori\u00ebntering: dga-groep bundelt competenties in de wegen- en hoogbouw\">Read More<\/a><\/div><\/div><\/div><div class=\"fusion-clearfix\"><\/div><\/div>\n<\/article>\n<article id=\"blog-1-post-21767\" class=\"fusion-post-grid post-21767 post type-post status-publish format-standard hentry category-news-nl\">\n<div class=\"fusion-post-wrapper\" style=\"background-color:rgba(255,255,255,0);border:1px solid #ebeaea;border-bottom-width:3px;\">\n\n<div class=\"fusion-post-content-wrapper\" style=\"padding:30px 25px 20px 25px;\"><div class=\"fusion-post-content post-content\"><h2 class=\"blog-shortcode-post-title entry-title\"><a href=\"https:\/\/dga.de\/nl\/temperaturabgesenkter-asphalt\/\">Klimaat- en milieubescherming bij de wegenbouw met asfalt waarvan de temperatuur verlaagd is<\/a><\/h2><p class=\"fusion-single-line-meta\"><span class=\"vcard\" style=\"display: none;\"><span class=\"fn\"><a href=\"https:\/\/dga.de\/nl\/author\/kskubisz\/\" title=\"Berichten van Katharina Skubisz\" rel=\"author\">Katharina Skubisz<\/a><\/span><\/span><span class=\"updated\" style=\"display:none;\">2024-09-30T14:53:38+02:00<\/span><span>september 25th, 2024<\/span><span class=\"fusion-inline-sep\">|<\/span><\/p><div class=\"fusion-content-sep sep-double sep-solid\"><\/div><div class=\"fusion-post-content-container\"><p> Klimaat- en milieubescherming bij de wegenbouw met asfalt waarvan de temperatuur verlaagd is  Met een klassieker uit haar omvangrijk productportfolio pakt de firma Dortmunder Gu\u00dfasphalt GmbH &amp; Co. KG dit jaar groots uit op het Duits Wegen- en Verkeerscongres van het onderzoeksinstituut Forschungsgesellschaft f\u00fcr Stra\u00dfen- und Verkehrswesen e. V. (FGSV): met het oppervlakte-actieve, reactieve additief Colzuphalt\u00ae. Hierbij wordt [...]<\/p><\/div><\/div><div class=\"fusion-meta-info\"><div class=\"fusion-alignleft\"><a class=\"fusion-read-more\" href=\"https:\/\/dga.de\/nl\/temperaturabgesenkter-asphalt\/\" aria-label=\"More on Klimaat- en milieubescherming bij de wegenbouw met asfalt waarvan de temperatuur verlaagd is\">Read More<\/a><\/div><\/div><\/div><div class=\"fusion-clearfix\"><\/div><\/div>\n<\/article>\n<article id=\"blog-1-post-18201\" class=\"fusion-post-grid post-18201 post type-post status-publish format-standard hentry category-news-nl\">\n<div class=\"fusion-post-wrapper\" style=\"background-color:rgba(255,255,255,0);border:1px solid #ebeaea;border-bottom-width:3px;\">\n\n<div class=\"fusion-post-content-wrapper\" style=\"padding:30px 25px 20px 25px;\"><div class=\"fusion-post-content post-content\"><h2 class=\"blog-shortcode-post-title entry-title\"><a href=\"https:\/\/dga.de\/nl\/fugenmasse-biguma-connect-wieder-lieferbar\/\">Voegmassa BIGUMA\u00ae- Connect weer leverbaar<\/a><\/h2><p class=\"fusion-single-line-meta\"><span class=\"vcard\" style=\"display: none;\"><span class=\"fn\"><a href=\"https:\/\/dga.de\/nl\/author\/kskubisz\/\" title=\"Berichten van Katharina Skubisz\" rel=\"author\">Katharina Skubisz<\/a><\/span><\/span><span class=\"updated\" style=\"display:none;\">2022-11-30T14:52:59+01:00<\/span><span>november 24th, 2022<\/span><span class=\"fusion-inline-sep\">|<\/span><\/p><div class=\"fusion-content-sep sep-double sep-solid\"><\/div><div class=\"fusion-post-content-container\"><p> Voegmassa BIGUMA\u00ae- Connect weer leverbaar  De veelgevraagde voegmassa BIGUMA\u00ae- Connect van de firma Dortmunder Gu\u00dfasphalt GmbH &amp; Co. KG is per direct weer leverbaar en kan via de gebruikelijke distributiekanalen besteld worden. De oorlog tussen Rusland en Oekra\u00efne had begin van dit jaar de gespannen situatie op de grondstoffenmarkt nogmaals verscherpt, waardoor bepaalde grondstoffen niet meer in de [...]<\/p><\/div><\/div><div class=\"fusion-meta-info\"><div class=\"fusion-alignleft\"><a class=\"fusion-read-more\" href=\"https:\/\/dga.de\/nl\/fugenmasse-biguma-connect-wieder-lieferbar\/\" aria-label=\"More on Voegmassa BIGUMA\u00ae- Connect weer leverbaar\">Read More<\/a><\/div><\/div><\/div><div class=\"fusion-clearfix\"><\/div><\/div>\n<\/article>\n<article id=\"blog-1-post-17864\" class=\"fusion-post-grid post-17864 post type-post status-publish format-standard has-post-thumbnail hentry category-news-nl category-news-de-nl\">\n<div class=\"fusion-post-wrapper\" style=\"background-color:rgba(255,255,255,0);border:1px solid #ebeaea;border-bottom-width:3px;\">\n\n\t\t\t<div class=\"fusion-flexslider flexslider fusion-flexslider-loading fusion-post-slideshow\" style=\"border-color:#ebeaea;\">\n\t\t<ul class=\"slides\">\n\t\t\t\n\t\t\t\t\t\t\t\t\t\t\t\t\t\t<li><div  class=\"fusion-image-wrapper\" aria-haspopup=\"true\">\n\t\t\t\t<img decoding=\"async\" width=\"800\" height=\"600\" src=\"https:\/\/dga.de\/wp-content\/uploads\/2022\/07\/Proxan-KV2.jpg\" class=\"attachment-full size-full lazyload wp-post-image\" alt=\"\" srcset=\"data:image\/svg+xml,%3Csvg%20xmlns%3D%27http%3A%2F%2Fwww.w3.org%2F2000%2Fsvg%27%20width%3D%27800%27%20height%3D%27600%27%20viewBox%3D%270%200%20800%20600%27%3E%3Crect%20width%3D%27800%27%20height%3D%27600%27%20fill-opacity%3D%220%22%2F%3E%3C%2Fsvg%3E\" data-orig-src=\"https:\/\/dga.de\/wp-content\/uploads\/2022\/07\/Proxan-KV2.jpg\" data-srcset=\"https:\/\/dga.de\/wp-content\/uploads\/2022\/07\/Proxan-KV2-200x150.jpg 200w, https:\/\/dga.de\/wp-content\/uploads\/2022\/07\/Proxan-KV2-400x300.jpg 400w, https:\/\/dga.de\/wp-content\/uploads\/2022\/07\/Proxan-KV2-600x450.jpg 600w, https:\/\/dga.de\/wp-content\/uploads\/2022\/07\/Proxan-KV2.jpg 800w\" data-sizes=\"auto\" \/><div class=\"fusion-rollover\">\n\t<div class=\"fusion-rollover-content\">\n\n\t\t\t\t\t\t\t\t\t\t\t\t\t\t<a class=\"fusion-rollover-link\" href=\"https:\/\/dga.de\/nl\/liefervorteile-durch-verbesserte-rezeptur-der-proxan-fugendichtstoffe\/\">Leveringsvoordelen door verbeterde receptuur van de PROXAN\u00ae voegafdichtingsmiddelen<\/a>\n\t\t\t\n\t\t\t\t\t\t\t\t\t\t\t\t\t\t\n\t\t\t\t\t\t\t\t\n\t\t\t\t\t\t\t\t\t\t\t\t\t<div class=\"fusion-rollover-sep\"><\/div>\n\t\t\t\t\n\t\t\t\t\t\t\t\t\t\t\t\t\t\t\t\t\t\t<a class=\"fusion-rollover-gallery\" href=\"https:\/\/dga.de\/wp-content\/uploads\/2022\/07\/Proxan-KV2.jpg\" data-options=\"\" data-id=\"17864\" data-rel=\"iLightbox[gallery]\" data-title=\"Proxan-KV2\" data-caption=\"\">\n\t\t\t\t\t\tGallery\t\t\t\t\t<\/a>\n\t\t\t\t\t\t\t\t\t\t\t\t\t\t\n\t\t\n\t\t\t\t\t\t\t\t\t\t\t\t<h4 class=\"fusion-rollover-title\">\n\t\t\t\t\t<a class=\"fusion-rollover-title-link\" href=\"https:\/\/dga.de\/nl\/liefervorteile-durch-verbesserte-rezeptur-der-proxan-fugendichtstoffe\/\">\n\t\t\t\t\t\tLeveringsvoordelen door verbeterde receptuur van de PROXAN\u00ae voegafdichtingsmiddelen\t\t\t\t\t<\/a>\n\t\t\t\t<\/h4>\n\t\t\t\n\t\t\t\t\t\t\t\t\t\t<div class=\"fusion-rollover-categories\"><a href=\"https:\/\/dga.de\/nl\/category\/news-nl\/\" rel=\"tag\">News<\/a>, <a href=\"https:\/\/dga.de\/nl\/category\/news-de-nl\/\" rel=\"tag\">News<\/a><\/div>\t\t\t\t\t\n\t\t\n\t\t\t\t\t\t<a class=\"fusion-link-wrapper\" href=\"https:\/\/dga.de\/nl\/liefervorteile-durch-verbesserte-rezeptur-der-proxan-fugendichtstoffe\/\" aria-label=\"Leveringsvoordelen door verbeterde receptuur van de PROXAN\u00ae voegafdichtingsmiddelen\"><\/a>\n\t<\/div>\n<\/div>\n<\/div>\n<\/li>\n\t\t\t\n\t\t\t\n\t\t\t\t\t\t\t\t\t\t\t\t\t\t\t\t\t\t\t\t\t\t\t\t\t\t\t\t\t\t\t\t\t\t\t\t\t\t\t\t\t\t\t\t\t\t\t\t\t\t\t\t\t\t\t\t\t\t\t\t\t\t\t\t\t\t\t\t<\/ul>\n\t<\/div>\n\t<div class=\"fusion-post-content-wrapper\" style=\"padding:30px 25px 20px 25px;\"><div class=\"fusion-post-content post-content\"><h2 class=\"blog-shortcode-post-title entry-title\"><a href=\"https:\/\/dga.de\/nl\/liefervorteile-durch-verbesserte-rezeptur-der-proxan-fugendichtstoffe\/\">Leveringsvoordelen door verbeterde receptuur van de PROXAN\u00ae voegafdichtingsmiddelen<\/a><\/h2><p class=\"fusion-single-line-meta\"><span class=\"vcard\" style=\"display: none;\"><span class=\"fn\"><a href=\"https:\/\/dga.de\/nl\/author\/kskubisz\/\" title=\"Berichten van Katharina Skubisz\" rel=\"author\">Katharina Skubisz<\/a><\/span><\/span><span class=\"updated\" style=\"display:none;\">2022-07-27T15:59:16+02:00<\/span><span>juli 22nd, 2022<\/span><span class=\"fusion-inline-sep\">|<\/span><\/p><div class=\"fusion-content-sep sep-double sep-solid\"><\/div><div class=\"fusion-post-content-container\"><p> Leveringsvoordelen door verbeterde receptuur van de PROXAN\u00ae voegafdichtingsmiddelen  Vanaf 08.08.2022 biedt de firma Dortmunder Gu\u00dfasphalt GmbH &amp; Co KG haar klanten de A-componenten van de 2-component voegafdichtingsmiddelen PROXAN\u00ae- KV 2 G\/ST en PROXAN\u00ae- KV 3 G\/ST met een verbeterde receptuur aan: het ingredi\u00ebnt chloorparaffine (85535-85-9) wordt bij de productie niet meer gebruikt. Deze receptwijziging in alternatieve ingredi\u00ebnten heeft [...]<\/p><\/div><\/div><div class=\"fusion-meta-info\"><div class=\"fusion-alignleft\"><a class=\"fusion-read-more\" href=\"https:\/\/dga.de\/nl\/liefervorteile-durch-verbesserte-rezeptur-der-proxan-fugendichtstoffe\/\" aria-label=\"More on Leveringsvoordelen door verbeterde receptuur van de PROXAN\u00ae voegafdichtingsmiddelen\">Read More<\/a><\/div><\/div><\/div><div class=\"fusion-clearfix\"><\/div><\/div>\n<\/article>\n<article id=\"blog-1-post-16694\" class=\"fusion-post-grid post-16694 post type-post status-publish format-standard has-post-thumbnail hentry category-news-nl\">\n<div class=\"fusion-post-wrapper\" style=\"background-color:rgba(255,255,255,0);border:1px solid #ebeaea;border-bottom-width:3px;\">\n\n\t\t\t<div class=\"fusion-flexslider flexslider fusion-flexslider-loading fusion-post-slideshow\" style=\"border-color:#ebeaea;\">\n\t\t<ul class=\"slides\">\n\t\t\t\n\t\t\t\t\t\t\t\t\t\t\t\t\t\t<li><div  class=\"fusion-image-wrapper\" aria-haspopup=\"true\">\n\t\t\t\t<img decoding=\"async\" width=\"816\" height=\"377\" src=\"https:\/\/dga.de\/wp-content\/uploads\/2022\/06\/Astra-Bridge_2_dga-Gruppe.jpg\" class=\"attachment-full size-full lazyload wp-post-image\" alt=\"\" srcset=\"data:image\/svg+xml,%3Csvg%20xmlns%3D%27http%3A%2F%2Fwww.w3.org%2F2000%2Fsvg%27%20width%3D%27816%27%20height%3D%27377%27%20viewBox%3D%270%200%20816%20377%27%3E%3Crect%20width%3D%27816%27%20height%3D%27377%27%20fill-opacity%3D%220%22%2F%3E%3C%2Fsvg%3E\" data-orig-src=\"https:\/\/dga.de\/wp-content\/uploads\/2022\/06\/Astra-Bridge_2_dga-Gruppe.jpg\" data-srcset=\"https:\/\/dga.de\/wp-content\/uploads\/2022\/06\/Astra-Bridge_2_dga-Gruppe-200x92.jpg 200w, https:\/\/dga.de\/wp-content\/uploads\/2022\/06\/Astra-Bridge_2_dga-Gruppe-400x185.jpg 400w, https:\/\/dga.de\/wp-content\/uploads\/2022\/06\/Astra-Bridge_2_dga-Gruppe-600x277.jpg 600w, https:\/\/dga.de\/wp-content\/uploads\/2022\/06\/Astra-Bridge_2_dga-Gruppe-800x370.jpg 800w, https:\/\/dga.de\/wp-content\/uploads\/2022\/06\/Astra-Bridge_2_dga-Gruppe.jpg 816w\" data-sizes=\"auto\" \/><div class=\"fusion-rollover\">\n\t<div class=\"fusion-rollover-content\">\n\n\t\t\t\t\t\t\t\t\t\t\t\t\t\t<a class=\"fusion-rollover-link\" href=\"https:\/\/dga.de\/nl\/bigumator-mb-auf-fahrender-baustelle\/\">BIGUMAtor\u00ae- MB op een mobiele bouwplaats<\/a>\n\t\t\t\n\t\t\t\t\t\t\t\t\t\t\t\t\t\t\n\t\t\t\t\t\t\t\t\n\t\t\t\t\t\t\t\t\t\t\t\t\t<div class=\"fusion-rollover-sep\"><\/div>\n\t\t\t\t\n\t\t\t\t\t\t\t\t\t\t\t\t\t\t\t\t\t\t<a class=\"fusion-rollover-gallery\" href=\"https:\/\/dga.de\/wp-content\/uploads\/2022\/06\/Astra-Bridge_2_dga-Gruppe.jpg\" data-options=\"\" data-id=\"16694\" data-rel=\"iLightbox[gallery]\" data-title=\"Astra-Bridge_2_dga-Gruppe\" data-caption=\"\">\n\t\t\t\t\t\tGallery\t\t\t\t\t<\/a>\n\t\t\t\t\t\t\t\t\t\t\t\t\t\t\n\t\t\n\t\t\t\t\t\t\t\t\t\t\t\t<h4 class=\"fusion-rollover-title\">\n\t\t\t\t\t<a class=\"fusion-rollover-title-link\" href=\"https:\/\/dga.de\/nl\/bigumator-mb-auf-fahrender-baustelle\/\">\n\t\t\t\t\t\tBIGUMAtor\u00ae- MB op een mobiele bouwplaats\t\t\t\t\t<\/a>\n\t\t\t\t<\/h4>\n\t\t\t\n\t\t\t\t\t\t\t\t\t\t<div class=\"fusion-rollover-categories\"><a href=\"https:\/\/dga.de\/nl\/category\/news-nl\/\" rel=\"tag\">News<\/a><\/div>\t\t\t\t\t\n\t\t\n\t\t\t\t\t\t<a class=\"fusion-link-wrapper\" href=\"https:\/\/dga.de\/nl\/bigumator-mb-auf-fahrender-baustelle\/\" aria-label=\"BIGUMAtor\u00ae- MB op een mobiele bouwplaats\"><\/a>\n\t<\/div>\n<\/div>\n<\/div>\n<\/li>\n\t\t\t\n\t\t\t\n\t\t\t\t\t\t\t\t\t\t\t\t\t\t\t\t\t\t\t\t\t\t\t\t\t\t\t\t\t\t\t\t\t\t\t\t\t\t\t\t\t\t\t\t\t\t\t\t\t\t\t\t\t\t\t\t\t\t\t\t\t\t\t\t\t\t\t\t<\/ul>\n\t<\/div>\n\t<div class=\"fusion-post-content-wrapper\" style=\"padding:30px 25px 20px 25px;\"><div class=\"fusion-post-content post-content\"><h2 class=\"blog-shortcode-post-title entry-title\"><a href=\"https:\/\/dga.de\/nl\/bigumator-mb-auf-fahrender-baustelle\/\">BIGUMAtor\u00ae- MB op een mobiele bouwplaats<\/a><\/h2><p class=\"fusion-single-line-meta\"><span class=\"vcard\" style=\"display: none;\"><span class=\"fn\"><a href=\"https:\/\/dga.de\/nl\/author\/kskubisz\/\" title=\"Berichten van Katharina Skubisz\" rel=\"author\">Katharina Skubisz<\/a><\/span><\/span><span class=\"updated\" style=\"display:none;\">2022-06-21T08:18:20+02:00<\/span><span>juni 14th, 2022<\/span><span class=\"fusion-inline-sep\">|<\/span><\/p><div class=\"fusion-content-sep sep-double sep-solid\"><\/div><div class=\"fusion-post-content-container\"><p> BIGUMAtor\u00ae- MB op een mobiele bouwplaats  Premi\u00e8re op de A1 in Zwitserland: bij de in februari 2022 begonnen saneringswerkzaamheden tussen Recherswil en de kruising Luterbach wordt voor het eerst de innovatieve ASTRA Bridge gebruikt. Terwijl onder deze mobiele brug boven de bouwplaats de bouwwerkzaamheden uitgevoerd worden, worden de voertuigen op twee rijstroken over de ASTRA Bridge geleid. Lange [...]<\/p><\/div><\/div><div class=\"fusion-meta-info\"><div class=\"fusion-alignleft\"><a class=\"fusion-read-more\" href=\"https:\/\/dga.de\/nl\/bigumator-mb-auf-fahrender-baustelle\/\" aria-label=\"More on BIGUMAtor\u00ae- MB op een mobiele bouwplaats\">Read More<\/a><\/div><\/div><\/div><div class=\"fusion-clearfix\"><\/div><\/div>\n<\/article>\n<div class=\"fusion-clearfix\"><\/div><\/div><div class=\"fusion-infinite-scroll-trigger\"><\/div><div class=\"pagination infinite-scroll clearfix\" style=\"display:none;\"><span class=\"current\">1<\/span><a href=\"https:\/\/dga.de\/nl\/wp-json\/wp\/v2\/pages\/9381\/page\/2\/\" class=\"inactive\">2<\/a><a class=\"pagination-next\" rel=\"next\" href=\"https:\/\/dga.de\/nl\/wp-json\/wp\/v2\/pages\/9381\/page\/2\/\"><span class=\"page-text\">Next<\/span><span class=\"page-next\"><\/span><\/a><\/div><div class=\"fusion-clearfix\"><\/div><\/div><\/div><\/div><\/div><\/div>\n","protected":false},"excerpt":{"rendered":"","protected":false},"author":1,"featured_media":0,"parent":9373,"menu_order":1,"comment_status":"closed","ping_status":"closed","template":"","meta":{"footnotes":""},"class_list":["post-9381","page","type-page","status-publish","hentry"],"_links":{"self":[{"href":"https:\/\/dga.de\/nl\/wp-json\/wp\/v2\/pages\/9381","targetHints":{"allow":["GET"]}}],"collection":[{"href":"https:\/\/dga.de\/nl\/wp-json\/wp\/v2\/pages"}],"about":[{"href":"https:\/\/dga.de\/nl\/wp-json\/wp\/v2\/types\/page"}],"author":[{"embeddable":true,"href":"https:\/\/dga.de\/nl\/wp-json\/wp\/v2\/users\/1"}],"replies":[{"embeddable":true,"href":"https:\/\/dga.de\/nl\/wp-json\/wp\/v2\/comments?post=9381"}],"version-history":[{"count":0,"href":"https:\/\/dga.de\/nl\/wp-json\/wp\/v2\/pages\/9381\/revisions"}],"up":[{"embeddable":true,"href":"https:\/\/dga.de\/nl\/wp-json\/wp\/v2\/pages\/9373"}],"wp:attachment":[{"href":"https:\/\/dga.de\/nl\/wp-json\/wp\/v2\/media?parent=9381"}],"curies":[{"name":"wp","href":"https:\/\/api.w.org\/{rel}","templated":true}]}}