{"id":9413,"date":"2018-06-05T15:07:53","date_gmt":"2018-06-05T13:07:53","guid":{"rendered":"https:\/\/dga.de\/datenschutz\/"},"modified":"2026-04-27T18:52:16","modified_gmt":"2026-04-27T16:52:16","slug":"datenschutz","status":"publish","type":"page","link":"https:\/\/dga.de\/nl\/datenschutz\/","title":{"rendered":"Gegevensbescherming"},"content":{"rendered":"<p><div class=\"fusion-fullwidth fullwidth-box fusion-builder-row-1 fusion-flex-container nonhundred-percent-fullwidth non-hundred-percent-height-scrolling\" style=\"--awb-border-radius-top-left:0px;--awb-border-radius-top-right:0px;--awb-border-radius-bottom-right:0px;--awb-border-radius-bottom-left:0px;--awb-flex-wrap:wrap;\" ><div class=\"fusion-builder-row fusion-row fusion-flex-align-items-flex-start fusion-flex-content-wrap\" style=\"max-width:1144px;margin-left: calc(-4% \/ 2 );margin-right: calc(-4% \/ 2 );\"><div class=\"fusion-layout-column fusion_builder_column fusion-builder-column-0 fusion_builder_column_1_1 1_1 fusion-flex-column\" style=\"--awb-bg-size:cover;--awb-width-large:100%;--awb-margin-top-large:0px;--awb-spacing-right-large:1.92%;--awb-margin-bottom-large:0px;--awb-spacing-left-large:1.92%;--awb-width-medium:100%;--awb-spacing-right-medium:1.92%;--awb-spacing-left-medium:1.92%;--awb-width-small:100%;--awb-spacing-right-small:1.92%;--awb-spacing-left-small:1.92%;\"><div class=\"fusion-column-wrapper fusion-flex-justify-content-flex-start fusion-content-layout-column\"><div class=\"fusion-title title fusion-title-1 fusion-sep-none fusion-title-text fusion-title-size-one\" style=\"--awb-margin-top-small:0px;--awb-margin-right-small:0px;--awb-margin-bottom-small:20px;--awb-margin-left-small:0px;\"><h1 class=\"fusion-title-heading title-heading-left\" style=\"margin:0;\">Gegevensbescherming<\/h1><\/div><\/div><\/div><\/div><\/div><div class=\"fusion-fullwidth fullwidth-box fusion-builder-row-2 fusion-flex-container nonhundred-percent-fullwidth non-hundred-percent-height-scrolling\" style=\"--awb-border-radius-top-left:0px;--awb-border-radius-top-right:0px;--awb-border-radius-bottom-right:0px;--awb-border-radius-bottom-left:0px;--awb-flex-wrap:wrap;\" ><div class=\"fusion-builder-row fusion-row fusion-flex-align-items-flex-start fusion-flex-content-wrap\" style=\"max-width:1144px;margin-left: calc(-4% \/ 2 );margin-right: calc(-4% \/ 2 );\"><div class=\"fusion-layout-column fusion_builder_column fusion-builder-column-1 fusion_builder_column_1_1 1_1 fusion-flex-column\" style=\"--awb-bg-size:cover;--awb-width-large:100%;--awb-margin-top-large:0px;--awb-spacing-right-large:1.92%;--awb-margin-bottom-large:0px;--awb-spacing-left-large:1.92%;--awb-width-medium:100%;--awb-spacing-right-medium:1.92%;--awb-spacing-left-medium:1.92%;--awb-width-small:100%;--awb-spacing-right-small:1.92%;--awb-spacing-left-small:1.92%;\"><div class=\"fusion-column-wrapper fusion-flex-justify-content-flex-start fusion-content-layout-column\"><div class=\"fusion-text fusion-text-1\"><p>Wij zijn een onderneming die de gegevensbescherming altijd al zeer serieus neemt. Deze privacyverklaring geldt door de firma Dortmunder Gu\u00dfasphalt GmbH &amp; Co. KG. U kunt van onze webpagina\u2019s gebruik maken, in het bijzonder om u te informeren, zonder dat u gegevens verstrekt. Voor zover u de door ons gebruikte mogelijkheden benut, is het eventueel noodzakelijk dat wij uw te vermelden persoonsgegevens (bv. bij het contactformulier etc.) verzamelen, verwerken, gebruiken en opslaan.<\/p>\n<p>De verwerking vindt in alle gevallen plaats in overeenstemming met het geldende recht op gegevensbescherming, in het bijzonder in overeenstemming met de richtlijnen van de Europese Algemene verordening gegevensbescherming (AVG), de Duitse Wet inzake Gegevensbescherming (BDSG) evenals aanvullende wettelijke regelingen. Wettelijke basis voor de verwerking van uw persoonsgegevens op onze website is art. 6 lid 1 zin 1 letter f AVG.<\/p>\n<p>Met deze privacyverklaring informeren wij u onder andere over doel, aard en omvang van het gebruik van persoonsgegevens door onze website.<\/p>\n<p><strong>1. VERANTWOORDELIJKE<\/strong><br \/>\nVerantwoordelijke als bedoeld in de Algemene verordening gegevensbescherming (\u201eAVG\u201c) is:<br \/>\nDortmunder Gu\u00dfasphalt GmbH &amp; Co. KG<br \/>\nAm Hafenbahnhof 10<br \/>\n44147 Dortmund<br \/>\nDuitsland<br \/>\nTelefoon: +49 231 395797-0<br \/>\nE-mail: info@dga.de<\/p>\n<p><strong>2. GEGEVENSBESCHERMINGSCO\u00d6RDINATOR<\/strong><br \/>\nIn aangelegenheden van de gegevensbescherming kunt u zich tot onze gegevensbeschermingsco\u00f6rdinator richten:<br \/>\ngegevensbeschermingsco\u00f6rdinator Basalt-Actien-Gesellschaft<br \/>\nLinzhausenstr. 20<br \/>\n53545 Linz am Rhein<br \/>\nDuitsland<br \/>\nTelefoon: +49 2644 5630<br \/>\nE-mail: datenschutz@basalt.de<\/p>\n<p><strong>3. VERWERKING VAN UW PERSOONSGEGEVENS\/AARD EN DOEL VAN DEZE VERWERKING\/WETTELIJKE BASIS VAN DE VERWERKING EN OPSLAG<\/strong><br \/>\nOnze webpagina\u2019s verzamelen bij elke oproep, onafhankelijk van het feit of dit door de gebruiker of door een geautomatiseerd systeem gebeurt, een reeks (algemene) gegevens und informatie. De verzameling en opslag vinden plaats in de zogenaamde logbestanden van onze server.<br \/>\nVolgende gegevens kunnen verzameld en opgeslagen worden:<br \/>\n\u2013 gebruikt besturingssysteem<br \/>\n\u2013 datum en tijdstip van het bezoek aan de website<br \/>\n\u2013 IP-adres (internetprotocoladres)<br \/>\n\u2013 browsertypes en versies<br \/>\n\u2013 verwijzers (webpagina, van waar er van ons systeem gebruik gemaakt wordt),<br \/>\n\u2013 subwebpagina\u2019s die ons systeem aansturen<br \/>\n\u2013 Internet Service Provider van het systeem dat van onze webpagina\u2019s gebruik maakt<br \/>\n\u2013 gelijkaardige gegevens en informatie die het systeem van de gebruiker tegen digitale aanvallen beschermen (bv. antivirusprogramma\u2019s)<\/p>\n<p>Achtergrond van deze gegevensverzameling zijn:<br \/>\n\u2013 de correcte aflevering van de inhoud van onze website<br \/>\n\u2013 de optimalisatie van de website<br \/>\n\u2013 de vrijwaring van de functionaliteit van onze website<br \/>\n\u2013 de beschikbaarstelling van noodzakelijke informatie om ingeval van een cyberaanval de strafvervolging mogelijk te maken<br \/>\n\u2013 de analyse, opdat gegevensbescherming en veiligheid verbeterd kunnen worden om een optimaal beschermingsniveau te bereiken<br \/>\n\u2013 voor administratieve doeleinden.<\/p>\n<p>De bewaring van de serverlogbestanden gebeurt gescheiden van de overige vermelde persoonsgegevens. Wettelijke basis voor deze verwerking van uw persoonsgegevens op onze website is art. 6 lid 1 zin 1 letter f AVG. Het betreffende gerechtvaardigde belang volgt uit de hierboven vermelde achtergronden van de gegevensverzameling. Bij de verzameling een gebruikmaking van de hoger vermelde gegevens worden deze niet tot een bepaalde persoon (gebruiker) herleid. De serverlogbestanden worden op regelmatige tijdstippen verwijderd.<\/p>\n<p><strong>4. VERWIJDERING EN BLOKKERING VAN PERSOONSGEGEVENS<\/strong><br \/>\nUw persoonsgegevens worden door ons slechts verwerkt en opgeslagen voor de periode die voor het bereiken van het doel van de opslag noodzakelijk is of voor zover dit door de AVG, de Duitse Wet inzake Gegevensbescherming (BDSG), andere richtlijnen en verordeningen of andere wetten voorzien is.<\/p>\n<p>Valt het doel van de opslag weg of verstrijkt er een opslagtermijn, dan zullen wij uw persoonsgegevens routinematig en in overeenstemming met de wettelijke voorschriften blokkeren of verwijderen.<\/p>\n<p><strong>5. SSL- BZW. TLS-VERSLEUTELING<\/strong><br \/>\nOmwille van de veiligheid en ter bescherming van de overdracht van een vertrouwelijke inhoud die u aan ons als exploitant van de website zendt, maakt onze website gebruik van een SSL- resp. TLS-versleuteling. Daardoor kunnen derden gegevens die u via deze website overmaakt, niet mee lezen. U herkent een versleutelde verbinding aan de \u201ehttps:\/\/\u201c adresregel van uw browser en aan het slotsymbool in de browserregel.<\/p>\n<p><strong>6. COOKIES<\/strong><br \/>\nOnze website maakt gebruik van cookies. Dat zijn kleine tekstbestanden die uw webbrowser op uw eindapparaat opslaat. Cookies helpen er ons bij, ons aanbod gebruiksvriendelijker, effici\u00ebnter en veiliger te maken.<br \/>\nSommige cookies zijn \u201csessiecookies.\u201d Dergelijke cookies worden na het einde van uw browsersessie automatisch verwijderd. Andere cookies blijven daarentegen op uw eindapparaat bestaan totdat u ze zelf verwijdert. Wij maken uitsluitend gebruik van sessiecookies.<br \/>\nMet een moderne webbrowser kunt u op de plaatsing van cookies toezicht houden en de plaatsing daarvan beperken of tegengaan. Tal van webbrowsers kunnen zodanig geconfigureerd worden dat cookies met het sluiten van het programma automatisch verwijderd worden. De deactivering van cookies kan een beperkte functionaliteit van onze website tot gevolg hebben. U kunt uw toestemming op elk moment wijzigen of intrekken via de volgende link op onze website:<a class=\"ccm-open\" href=\"#\"><br \/>\nCookievoorkeuren beheren (CCM19)<br \/>\n<\/a><br \/>\n<strong>7. CONTACTFORMULIER<\/strong><br \/>\nVia het contactformulier overgemaakte gegevens worden met inbegrip van uw contactgegevens opgeslagen om uw (aan)vraag te kunnen behandelen of om voor aansluitend gestelde vragen klaar te staan. Zonder uw toestemming worden deze gegevens net doorgegeven. De verwerking van de op het contactformulier vermelde gegevens vindt uitsluitend plaats op grond van uw toestemming (art. 6 lid 1 letter a AVG). Een herroeping van uw reeds verleende toestemming is te allen tijde mogelijk. Voor de herroeping volstaat een vormvrije mededeling per e-mail. De rechtmatigheid van de tot op het moment van herroeping plaatsgevonden gegevensverwerkingsprocessen blijft ondanks de herroeping onverminderd van kracht. Via het contactformulier overgemaakte gegevens blijven bij ons totdat u ons verzoekt om deze te verwijderen, totdat u uw toestemming voor de opslag herroept of zodra er geen noodzaak meer bestaat om uw gegevens op te slaan. Dwingende wettelijke bepalingen \u2013 in het bijzonder bewaartermijnen \u2013 blijven onverminderd van kracht.<\/p>\n<p><strong>8. VIDEOBEWAKING<\/strong><br \/>\nVoor zover er een videobewaking plaatsvindt, worden de ter zake geldende voorschriften van \u00a7 4 Duitse wet inzake Gegevensbescherming (BDSG) nageleefd.<\/p>\n<p>Hier dient erop gewezen te worden dat het kortpapier nr. 15 van de Privacyconferentie in strijd met de rechtspraak van het Hof van Justitie van de Europese Gemeenschappen (arrest d.d. 11.12.2014, dossiernummer: C-212\/13) is.<\/p>\n<p><strong>9. GEGEVENSBESCHERMING EN SOLLICITATIES VIA ELEKTRONISCHE POST (E-MAIL)<\/strong><br \/>\nWij verzamelen en verwerken persoonsgegevens van sollicitanten (m\/v) in functie van de afwikkeling van de sollicitatieprocedure. De informatie over het recht op gegevensbescherming voor de omgang met gegevens van sollicitanten vanwege de BAG vindt u hier.<\/p>\n<p><strong>10. UW RECHTEN<\/strong><br \/>\nWij vinden uw rechten belangrijk.<\/p>\n<p>Om uw hierna vermelde rechten te doen gelden, kunt u zich te allen tijde tot onze hierv\u00f3\u00f3r vermelde gegevensbeschermingsco\u00f6rdinator richten. Conform art. 12 e.v. AVG hebt u tegenover ons volgende rechten:<\/p>\n<p><strong>a) RECHT OP BEVESTIGING<\/strong><br \/>\nU hebt het door de AVG verleende recht, van ons een bevestiging, of er persoonsgegevens van u verwerkt worden, te krijgen.<\/p>\n<p><strong>b) RECHT OP INLICHTINGEN<\/strong><br \/>\nU hebt het door de AVG verleende recht, gratis inlichtingen over de over uw persoon opgeslagen persoonsgegevens en een kopie van deze informatie te krijgen. Verder hebt u het door de AVG verleende recht,<br \/>\n\u2013 de verwerkingsdoeleinden,<br \/>\n\u2013 de categorie\u00ebn van persoonsgegevens die verwerkt worden,<br \/>\n\u2013 de bestemmelingen of categorie\u00ebn van ontvangers, tegenover wie de persoonsgegevens kenbaar gemaakt werden of nog kenbaar gemaakt worden,<br \/>\n\u2013 de geplande duur, voor welke de persoonsgegevens opgeslagen worden,<br \/>\n\u2013 het bestaan van een recht op correctie of verwijdering van de u betreffende persoonsgegevens of<br \/>\n\u2013 op beperking van de verwerking oor de verantwoordelijke of<br \/>\n\u2013 een recht op verzet tegen deze verwerking,<br \/>\n\u2013 het bestaan van een recht tot het indienen van een klacht bij een toezichthoudende autoriteit te vernemen.<\/p>\n<p><strong>c) RECHT OP CORRECTIE<\/strong><br \/>\nU hebt het door de AVG verleende recht, de onmiddellijke correctie van onjuiste, u betreffende persoonsgegevens te eisen. Bovendien hebt u met inachtneming van de doeleinden van de verwerking het recht, de completering van onvolledige persoonsgegevens \u2013 ook door middel van een aanvullende verklaring \u2013 te eisen.<\/p>\n<p><strong>d) RECHT OP VERWIJDERING<\/strong><br \/>\n(Recht om vergeten te worden)<br \/>\nU hebt het door de AVG verleende recht, te eisen dat de u betreffende persoonsgegevens onmiddellijk verwijderd worden, voor zover er van \u00e9\u00e9n van de volgende redenen sprake is en voor zover de verwerking niet noodzakelijk is:<br \/>\n\u2013 het doel van de verwerking is bereikt<br \/>\n\u2013 U herroept uw toestemming en er ontbreekt een andere wettelijke basis voor de verwerking<br \/>\n\u2013 Conform art. 21 lid 1, lid 2 AVG tekent u verzet tegen de verwerking aan<br \/>\n\u2013 Uw gegevens werden onrechtmatig verwerkt<br \/>\n\u2013 Om een wettelijke verplichting na te komen, is de verwijdering van de persoonsgegevens volgens het recht van de Unie of conform het Duitse recht noodzakelijk<\/p>\n<p><strong>e) RECHT OP BEPERKING VAN DE VERWERKING<\/strong><br \/>\nU hebt het recht, de beperking van de verwerking te eisen als aan \u00e9\u00e9n van de volgende voorwaarden voldaan is:<br \/>\n\u2013 U betwist de juistheid van de persoonsgegevens<br \/>\n\u2013 De verwerking is onrechtmatig. U wijst de verwijdering van de persoonsgegevens van de hand en eist in plaats daarvan de beperking van het gebruik van uw gegevens<br \/>\n\u2013 Wij hebben de persoonsgegevens voor verwerkingsdoeleinden niet langer nodig. U hebt deze echter nodig om onvervreemdbare rechten te doen gelden, uit te oefenen of te verdedigen<\/p>\n<p><strong>f) RECHT OP GEGEVENSOVERDRAAGBAARHEID<\/strong><br \/>\nU hebt het recht, de u betreffende en ons gegeven persoonsgegevens in een gestructureerd, gebruikelijk en door een machine leesbaar formaat te krijgen. U hebt er het recht op dat deze gegevens zonder belemmering door ons aan een andere verantwoordelijke overgemaakt worden.<\/p>\n<p><strong>g) RECHT OP VERZET<\/strong><br \/>\nVoor zover de verwerking uit uw bijzondere situatie voortvloeit, kunt u te allen tijde tegen de verwerking van u betreffende persoonsgegevens verzet aantekenen. Wij verwerken dan de persoonsgegevens niet meer, tenzij wij voor de verwerking dwingende beschermingswaardige redenen kunnen aantonen die zwaarder dan uw belangen, rechten en vrijheden wegen of tenzij de verwerking dient om onvervreemdbare rechten te doen gelden, uit te oefenen of te verdedigen.<\/p>\n<p>Verwerken wij persoonsgegevens om aan direct marketing te doen, dan heeft de betrokken persoon het recht, te allen tijde verzet tegen de verwerking van de persoonsgegevens in functie van dergelijke direct marketing aan te tekenen. Gaat de betrokken persoon tegenover ons in tegen de verwerking in functie van de direct marketing, dan zullen wij de persoonsgegevens niet meer voor deze doeleinden verwerken.<\/p>\n<p><strong>h) RECHT OP HERROEPING VAN DE TOESTEMMING OP GROND VAN HET RECHT OP GEGEVENSBESCHERMING<\/strong><br \/>\nU hebt het recht, uw toestemming voor de verwerking van persoonsgegevens te allen tijde te herroepen.<\/p>\n<p><strong>i) RECHT OP HET INDIENEN VAN EEN KLACHT<\/strong><br \/>\nU hebt het door de AVG verleende recht, bij de bevoegde autoriteit een klacht in te dienen.<br \/>\nDe voor ons bevoegde toezichthoudende autoriteit is:<br \/>\nLandesbeauftragte f\u00fcr Datenschutz und Informationsfreiheit Nordrhein-Westfalen (gemachtigde voor de gegevensbescherming en vrijheid van informatie in de Duitse deelstaat Noordrijn-Westfalen)<br \/>\nHelga Block<br \/>\nPostfach 20 04 44<br \/>\n40102 D\u00fcsseldorf<br \/>\nDuitsland<\/p>\n<p>of:<\/p>\n<p>Kavalleriestra\u00dfe 2-4<br \/>\n40213 D\u00fcsseldorf<br \/>\nDuitsland<br \/>\npoststelle@ldi.nrw.de<\/p>\n<p><strong>11. OVERDRACHT VAN GEGEVENS AAN DERDEN<\/strong><br \/>\nEen overdracht van uw door uw bezoek aan onze website verzamelde persoonsgegevens aan derden is net gepland, behalve in de hierboven vermelde gevallen indien u hiervoor uitdrukkelijk uw toestemming conform art. 6 lid 1 zin 1 letter a AVG verleend hebt, als er voor de overdracht van de gegevens conform art. 6 lid 1 zin 1 letter c AVG een wettelijke verplichting bestaat of indien de overdracht van de gegevens conform art. 6 lid 1 zin 1 letter b AVG voor de contractuele afwikkeling tussen u en ons noodzakelijk is.<\/p>\n<p><strong>12. PROFILERING<\/strong><br \/>\nDe door onze website uitgevoerde verwerking van uw persoonsgegevens wordt niet voor een geautomatiseerd besluitvormingsproces of evaluatie (profilering) gebruikt.<\/p>\n<p><strong>13. STATISTISCHE ANALYSE<\/strong><br \/>\nMet het oog op de statistische analyse maakt de dga-groep op deze website gebruik van &#8220;Matomo&#8221; (vroeger &#8220;PIWIK&#8221;). Dat is een Open-Source-Tool voor de webanalyse. Met Matomo worden er geen gegevens overgemaakt aan servers die buiten de controle van de dga-groep liggen. Matomo is gedeactiveerd wanneer u onze website bezoekt. Pas wanneer u actief toestemt, wordt uw gebruiksgedrag geanonimiseerd geregistreerd.<\/p>\n<p>Matomo maakt gebruik van zogenaamde cookies. Dat zijn tekstbestanden die op uw computer opgeslagen worden en die het voor ons mogelijk maken om het gebruik van onze website te analyseren. Daarvoor wordt de door de cookie gewonnen informatie over het gebruik opgeslagen, opdat het gebruiksgedrag geanalyseerd kan worden. Uw IP-adres wordt onmiddellijk geanonimiseerd; daardoor blijft u als gebruiker anoniem. De dankzij de cookie opgeleverde informatie over uw gebruik van deze website wordt niet aan derden doorgegeven.<\/p>\n<p>De dga-groep beschouwt deze analyse als bestanddeel van haar internetdiensten. Wij zouden daardoor de website verder willen verbeteren en nog meer aan de behoeften van de gebruiksters en gebruikers willen aanpassen. U kunt beslissen, of er in uw browser een webanalyse-cookie achtergelaten mag worden om voor ons de registratie en analyse van statistische gegevens mogelijk te maken.<\/p>\n<p><strong>14. DEFINITIES<\/strong><br \/>\nDe in de privacyverklaring gebruikte termen zijn gebaseerd op de begrippen die door de Europese voor de richtlijnen en verordeningen bevoegde autoriteit bij de uitvaardiging van de AVG gebruikt werden.<br \/>\nDeze termen worden hierna toegelicht:<\/p>\n<p><strong>j) Persoonsgegevens<\/strong><br \/>\nHierbij gaat het om alle informatie die op een ge\u00efdentificeerd of identificeerbaar natuurlijk persoon (\u201ebetrokken persoon\u201c) betrekking heeft. Als identificeerbaar wordt een natuurlijk persoon beschouwd die direct of indirect, in het bijzonder door toewijzing aan een karakteristiek zoals een naam, aan een registratienummer, aan locatiegegevens, aan een online-karakteristiek of aan \u00e9\u00e9n of meerdere bijzondere kenmerken, die de fysieke, fysiologische genetische, psychische, economische, culturele of sociale identiteit van deze natuurlijke persoon zijn, ge\u00efdentificeerd kan worden.<\/p>\n<p><strong>k) Betrokken persoon<\/strong><br \/>\nHierbij betreft het elke ge\u00efdentificeerd of identificeerbaar natuurlijk persoon, wier persoonsgegevens door de voor de verwerking verantwoordelijke verwerkt worden.<\/p>\n<p><strong>l) Verwerking<\/strong><br \/>\nElke met of zonder hulp van geautomatiseerde processen gehanteerde werkwijze of iedere handelwijze in verband met persoonsgegevens, zoals het invorderen, verzamelen, organiseren, ordenen, opslaan, aanpassen of wijzigen, uitlezen, opvragen, gebruiken, openbaar maken door overmaking, verspreiding of door een andere manier van beschikbaarstelling, het vergelijken of verbinden, beperken, verwijderen of vernietigen.<\/p>\n<p><strong>m) Beperking van de verwerking<\/strong><br \/>\nHierbij gaat het om de markering van opgeslagen persoonsgegevens met het doel, de verwerking daarvan in de toekomst te beperken.<\/p>\n<p><strong>n) Profilering<\/strong><br \/>\nElke wijze van de geautomatiseerde verwerking van persoonsgegevens die eruit bestaat dat deze persoonsgegevens gebruikt worden om bepaalde persoonlijke aspecten, die op een natuurlijk persoon betrekking hebben, te evalueren en in het bijzonder om aspecten met betrekking tot arbeidsprestaties, economische situatie, gezondheid, persoonlijke voorkeuren, belangen, betruwbaarheid, gedrag, verblijfplaats of verhuizing van deze natuurlijke persoon te analyseren of te voorspellen.<\/p>\n<p><strong>o) Pseudonimisering<\/strong><br \/>\nVerwerking van persoonsgegevens op een manier, waarop de persoonsgegevens zonder gebruikmaking van bijkomende informatie niet meer aan een specifiek betrokken persoon toegewezen kunnen worden, voor zover deze bijkomende informatie afzonderlijk bewaard wordt en onderworpen is aan technische en organisatorische maatregelen die garanderen dat de persoonsgegevens niet aan een ge\u00efdentificeerd of identificeerbaar natuurlijk persoon toegewezen worden.<\/p>\n<p><strong>p) Verantwoordelijke of voor de verwerking verantwoordelijke<\/strong><br \/>\nVerantwoordelijke of voor de verwerking verantwoordelijke is de natuurlijke &#8211; of rechtspersoon, autoriteit, instelling of andere instantie die alleen of samen met anderen over de doelen en middelen van de verwerking van persoonsgegevens beslist. Zijn de doelen en middelen van deze verwerking door het recht van de Unie of door het recht van de lidstaten vooropgesteld, dan kan de verantwoordelijke resp. kunnen de bepaalde criteria van zijn \/ haar aanstelling volgens het recht van de Unie of volgens het recht van de lidstaten voorzien worden.<\/p>\n<p><strong>q) Orderverwerker<\/strong><br \/>\nEen natuurlijk \u2013 of rechtspersoon, autoriteit, instelling o andere instantie die persoonsgegevens in opdracht van de verantwoordelijke verwerkt.<\/p>\n<p><strong>r) Ontvanger(s)<\/strong><br \/>\nEen natuurlijk \u2013 of rechtspersoon, autoriteit, instelling of andere instantie tegenover wie er persoonsgegevens kenbaar maakt worden en dit onafhankelijk van het feit, of het daarbij al dan niet om een derde gaat. Autoriteiten die in het kader van een bepaalde onderzoeksopdracht volgens het recht van de Unie of volgens het recht van de lidstaten mogelijkerwijs persoonsgegevens ontvangen, gelden echter niet als ontvanger(s).<\/p>\n<p><strong>s) Derden<\/strong><br \/>\nEen natuurlijk \u2013 of rechtspersoon, autoriteit, instelling of andere instantie behalve de betrokken persoon, de verantwoordelijke, de orderverwerker en de personen die onder de directe verantwoordelijkheid van de verantwoordelijke of van de orderverwerker bevoegd zijn om de persoonsgegevens te verwerken.<\/p>\n<p><strong>t) Toestemming<\/strong><br \/>\nToestemming is iedere door de betrokken persoon vrijwillig voor het bepaalde geval op ge\u00efnformeerde wijze en niet mis te verstane opgestelde wilsverklaring in de vorm van een verklaring of een andere duidelijk bevestigende handeling, waarmee de betrokken persoon te kennen geeft dat hij\/zij met de verwerking van de hem\/haar betreffende persoonsgegevens akkoord gaat.<\/p>\n<p><strong>15. STAND VAN DEZE PRIVACYVERKLARING<\/strong><br \/>\nDeze privacyverklaring is opgemaakt volgens de actuele stand van kennis in maart 2021. De invoering en correcte realisatie van de AVG vormen een doorlopend proces. Aan dit proces participeren wij. Deze privacyverklaring wordt daarom doorlopend aan de actuele juridische vereisten, zodra deze bekend worden, aangepast.<\/p>\n<\/div><\/div><\/div><\/div><\/div><\/p>\n","protected":false},"excerpt":{"rendered":"","protected":false},"author":1,"featured_media":0,"parent":0,"menu_order":100,"comment_status":"closed","ping_status":"closed","template":"","meta":{"footnotes":""},"class_list":["post-9413","page","type-page","status-publish","hentry"],"_links":{"self":[{"href":"https:\/\/dga.de\/nl\/wp-json\/wp\/v2\/pages\/9413","targetHints":{"allow":["GET"]}}],"collection":[{"href":"https:\/\/dga.de\/nl\/wp-json\/wp\/v2\/pages"}],"about":[{"href":"https:\/\/dga.de\/nl\/wp-json\/wp\/v2\/types\/page"}],"author":[{"embeddable":true,"href":"https:\/\/dga.de\/nl\/wp-json\/wp\/v2\/users\/1"}],"replies":[{"embeddable":true,"href":"https:\/\/dga.de\/nl\/wp-json\/wp\/v2\/comments?post=9413"}],"version-history":[{"count":7,"href":"https:\/\/dga.de\/nl\/wp-json\/wp\/v2\/pages\/9413\/revisions"}],"predecessor-version":[{"id":24539,"href":"https:\/\/dga.de\/nl\/wp-json\/wp\/v2\/pages\/9413\/revisions\/24539"}],"wp:attachment":[{"href":"https:\/\/dga.de\/nl\/wp-json\/wp\/v2\/media?parent=9413"}],"curies":[{"name":"wp","href":"https:\/\/api.w.org\/{rel}","templated":true}]}}