{"id":8688,"date":"2019-03-26T11:49:31","date_gmt":"2019-03-26T10:49:31","guid":{"rendered":"https:\/\/dga.de\/produkt\/biguma-emulsion-pmb-70-rep\/"},"modified":"2026-02-24T10:51:51","modified_gmt":"2026-02-24T09:51:51","slug":"biguma-emulsion-pmb-70-rep","status":"publish","type":"product","link":"https:\/\/dga.de\/nl\/produkt\/biguma-emulsion-pmb-70-rep\/","title":{"rendered":"BIGUMA\u00ae- Emulsion PMB 70 REP"},"content":{"rendered":"<p>BIGUMA\u00ae- Emulsion PMB 70 REP wordt gebruikt voor de reparatiemethode \u201eSpuiten en afzanden\u201c conform de ZTV BEA-StB 09\/13. Durch unsere spezielle Polymermodifizierung erreicht Biguma\u00ae- Emulsion PMB 70 REP eine erh\u00f6hte Best\u00e4ndigkeit und ist damit auch f\u00fcr hohe Anspr\u00fcche geeignet.<br \/>\nBIGUMA\u00ae- Emulsion PMB 70 REP is gecertificeerd als kationische bitumenemulsie C67B3-REP conform het nationale kader TL BE-StB 15 en de geharmoniseerde Europese norm DIN EN 13808.<\/p>\n","protected":false},"excerpt":{"rendered":"<p>Bitumenemulsie voor de instandhoudingsmethode \u201eSpuiten en afzanden\u201c<\/p>\n[fusion_global id=\"12385\"]\n","protected":false},"featured_media":19048,"comment_status":"closed","ping_status":"closed","template":"","meta":[],"product_brand":[],"product_cat":[895,896],"product_tag":[],"class_list":{"0":"post-8688","1":"product","2":"type-product","3":"status-publish","4":"has-post-thumbnail","6":"product_cat-emulsion-nl","7":"product_cat-instandhaltung-oberflaechenbehandlung-nl","9":"first","10":"instock","11":"product-type-simple"},"_links":{"self":[{"href":"https:\/\/dga.de\/nl\/wp-json\/wp\/v2\/product\/8688","targetHints":{"allow":["GET"]}}],"collection":[{"href":"https:\/\/dga.de\/nl\/wp-json\/wp\/v2\/product"}],"about":[{"href":"https:\/\/dga.de\/nl\/wp-json\/wp\/v2\/types\/product"}],"replies":[{"embeddable":true,"href":"https:\/\/dga.de\/nl\/wp-json\/wp\/v2\/comments?post=8688"}],"wp:featuredmedia":[{"embeddable":true,"href":"https:\/\/dga.de\/nl\/wp-json\/wp\/v2\/media\/19048"}],"wp:attachment":[{"href":"https:\/\/dga.de\/nl\/wp-json\/wp\/v2\/media?parent=8688"}],"wp:term":[{"taxonomy":"product_brand","embeddable":true,"href":"https:\/\/dga.de\/nl\/wp-json\/wp\/v2\/product_brand?post=8688"},{"taxonomy":"product_cat","embeddable":true,"href":"https:\/\/dga.de\/nl\/wp-json\/wp\/v2\/product_cat?post=8688"},{"taxonomy":"product_tag","embeddable":true,"href":"https:\/\/dga.de\/nl\/wp-json\/wp\/v2\/product_tag?post=8688"}],"curies":[{"name":"wp","href":"https:\/\/api.w.org\/{rel}","templated":true}]}}