{"id":8741,"date":"2019-03-26T11:49:05","date_gmt":"2019-03-26T10:49:05","guid":{"rendered":"https:\/\/dga.de\/produkt\/proxan-kv-2-g-s\/"},"modified":"2025-07-28T12:24:00","modified_gmt":"2025-07-28T10:24:00","slug":"proxan-kv-2-g-s","status":"publish","type":"product","link":"https:\/\/dga.de\/nl\/produkt\/proxan-kv-2-g-s\/","title":{"rendered":"PROXAN\u00ae- KV 2 G-S"},"content":{"rendered":"<p>PROXAN\u00ae- KV 2 G-S is een snel reagerende 2-componenten voegmassa voor voegen met expansies tot 35% van de voegbreedte. Ze is uitermate geschikt voor verkeersruimtes van beton, bijvoorbeeld autosnelwegen en bedrijfsruimtes van luchthavens bij hoge aan de bewegingsopname gestelde eisen. Deze voegmassa onderscheidt zich door een hoge chemische bestendigheid en kan bijgevolg betrouwbaar het binnendringen van voor water schadelijke stoffen in het bereik van de bodem verhinderen.<br \/>\nPROXAN\u00ae- KV 2 G-S is gietbaar en zelfnivellerend en daardoor zeer gemakkelijk te verwerken.<\/p>\n<p>Vergunningen: TL Fug-StB, Performantie Pr\u00fcfung der Bundesanstalt f\u00fcr Materialpr\u00fcfung (BAM, Duits Federaal Instituut voor Materiaalonderzoek) (beproevingsrapport BAM 7,1\/16014734)<\/p>\n","protected":false},"excerpt":{"rendered":"<p>2-componenten voegmassa op basis van polysulfide voor verkeersruimtes van beton<\/p>\n[fusion_global id=\"12385\"]\n","protected":false},"featured_media":13360,"comment_status":"closed","ping_status":"closed","template":"","meta":[],"product_brand":[],"product_cat":[884,883],"product_tag":[],"class_list":{"0":"post-8741","1":"product","2":"type-product","3":"status-publish","4":"has-post-thumbnail","6":"product_cat-fugenmassen-strassenbau-2-nl","7":"product_cat-strassenbau-nl","9":"first","10":"instock","11":"product-type-simple"},"_links":{"self":[{"href":"https:\/\/dga.de\/nl\/wp-json\/wp\/v2\/product\/8741","targetHints":{"allow":["GET"]}}],"collection":[{"href":"https:\/\/dga.de\/nl\/wp-json\/wp\/v2\/product"}],"about":[{"href":"https:\/\/dga.de\/nl\/wp-json\/wp\/v2\/types\/product"}],"replies":[{"embeddable":true,"href":"https:\/\/dga.de\/nl\/wp-json\/wp\/v2\/comments?post=8741"}],"wp:featuredmedia":[{"embeddable":true,"href":"https:\/\/dga.de\/nl\/wp-json\/wp\/v2\/media\/13360"}],"wp:attachment":[{"href":"https:\/\/dga.de\/nl\/wp-json\/wp\/v2\/media?parent=8741"}],"wp:term":[{"taxonomy":"product_brand","embeddable":true,"href":"https:\/\/dga.de\/nl\/wp-json\/wp\/v2\/product_brand?post=8741"},{"taxonomy":"product_cat","embeddable":true,"href":"https:\/\/dga.de\/nl\/wp-json\/wp\/v2\/product_cat?post=8741"},{"taxonomy":"product_tag","embeddable":true,"href":"https:\/\/dga.de\/nl\/wp-json\/wp\/v2\/product_tag?post=8741"}],"curies":[{"name":"wp","href":"https:\/\/api.w.org\/{rel}","templated":true}]}}