{"id":8804,"date":"2019-03-26T11:48:51","date_gmt":"2019-03-26T10:48:51","guid":{"rendered":"https:\/\/dga.de\/produkt\/biguma-connect-4\/"},"modified":"2022-11-24T11:57:06","modified_gmt":"2022-11-24T10:57:06","slug":"biguma-connect-4","status":"publish","type":"product","link":"https:\/\/dga.de\/nl\/produkt\/biguma-connect-4\/","title":{"rendered":"BIGUMA\u00ae- Connect"},"content":{"rendered":"<p>Onze nieuw ontwikkelde voegmassa BIGUMA\u00ae- Connect i ideaal geschikt voor het opvullen van voegen in verkeersruimtes van beton en asfalt. Ze onderscheidt zich op grond van haar samenstelling door een zeer goed hechtvermogen op minerale ondergronden en kan in verkeersruimtes van beton ook zonder primer probleemloos opgevuld worden, waardoor er een complete werkfase overgeslagen kan worden.<\/p>\n<p>Vergunningen: TL Fug-StB, DIN EN 14188-1, type N2,<br \/>\nPerformantie Pr\u00fcfung der Bundesanstalt f\u00fcr Materialpr\u00fcfung (BAM, Duits Federaal Instituut voor Materiaalonderzoek) (beproevingsrapport BAM 7.1\/17038499)<\/p>\n","protected":false},"excerpt":{"rendered":"<p>Zonder primer bruikbare voegmassa, BAM*-test succesvol doorstaan<br \/>\n(*Duits Federaal Bureau voor Materiaalonderzoek en -testen)<\/p>\n[fusion_global id=\"12385\"]\n","protected":false},"featured_media":12842,"comment_status":"closed","ping_status":"closed","template":"","meta":[],"product_brand":[],"product_cat":[930,888,931,883],"product_tag":[],"class_list":{"0":"post-8804","1":"product","2":"type-product","3":"status-publish","4":"has-post-thumbnail","6":"product_cat-beton-nl","7":"product_cat-verkehrsflaechen-nl","8":"product_cat-fugenmassen-nl","9":"product_cat-strassenbau-nl","11":"first","12":"instock","13":"product-type-simple"},"_links":{"self":[{"href":"https:\/\/dga.de\/nl\/wp-json\/wp\/v2\/product\/8804","targetHints":{"allow":["GET"]}}],"collection":[{"href":"https:\/\/dga.de\/nl\/wp-json\/wp\/v2\/product"}],"about":[{"href":"https:\/\/dga.de\/nl\/wp-json\/wp\/v2\/types\/product"}],"replies":[{"embeddable":true,"href":"https:\/\/dga.de\/nl\/wp-json\/wp\/v2\/comments?post=8804"}],"wp:featuredmedia":[{"embeddable":true,"href":"https:\/\/dga.de\/nl\/wp-json\/wp\/v2\/media\/12842"}],"wp:attachment":[{"href":"https:\/\/dga.de\/nl\/wp-json\/wp\/v2\/media?parent=8804"}],"wp:term":[{"taxonomy":"product_brand","embeddable":true,"href":"https:\/\/dga.de\/nl\/wp-json\/wp\/v2\/product_brand?post=8804"},{"taxonomy":"product_cat","embeddable":true,"href":"https:\/\/dga.de\/nl\/wp-json\/wp\/v2\/product_cat?post=8804"},{"taxonomy":"product_tag","embeddable":true,"href":"https:\/\/dga.de\/nl\/wp-json\/wp\/v2\/product_tag?post=8804"}],"curies":[{"name":"wp","href":"https:\/\/api.w.org\/{rel}","templated":true}]}}